{"id":100,"date":"2025-04-01T14:42:00","date_gmt":"2025-04-01T14:42:00","guid":{"rendered":"https:\/\/gawl-distribution.eu\/?page_id=100"},"modified":"2026-03-10T16:38:48","modified_gmt":"2026-03-10T16:38:48","slug":"tayea","status":"publish","type":"page","link":"https:\/\/gawl-distribution.eu\/en\/tayea\/","title":{"rendered":"Tayea"},"content":{"rendered":"[et_pb_section fb_built=\u00a0\u00bb1&Prime; _builder_version=\u00a0\u00bb4.21.0&Prime; _module_preset=\u00a0\u00bbdefault\u00a0\u00bb global_colors_info=\u00a0\u00bb{}\u00a0\u00bb][et_pb_row use_custom_gutter=\u00a0\u00bbon\u00a0\u00bb gutter_width=\u00a0\u00bb1&Prime; _builder_version=\u00a0\u00bb4.21.0&Prime; _module_preset=\u00a0\u00bb_initial\u00a0\u00bb global_colors_info=\u00a0\u00bb{}\u00a0\u00bb][et_pb_column type=\u00a0\u00bb4_4&Prime; _builder_version=\u00a0\u00bb4.21.0&Prime; _module_preset=\u00a0\u00bbdefault\u00a0\u00bb global_colors_info=\u00a0\u00bb{}\u00a0\u00bb][et_pb_text _builder_version=\u00a0\u00bb4.21.0&Prime; _module_preset=\u00a0\u00bbdefault\u00a0\u00bb text_font_size=\u00a0\u00bb13px\u00a0\u00bb header_font_size=\u00a0\u00bb48px\u00a0\u00bb global_colors_info=\u00a0\u00bb{}\u00a0\u00bb]<h1 style=\"text-align: center\"><strong><span class=\"hero__primary-text\" data-testid=\"hero__primary-text\">Tayea<\/span><\/strong><strong><span dir=\"rtl\">\u00a0<\/span><\/strong><\/h1>\n<h1 style=\"text-align: center\"><strong>\u00a0<\/strong><\/h1>\n<h3 style=\"text-align: center\"><strong><span><\/span><\/strong><\/h3>\n<h3 style=\"text-align: center\"><strong><span><\/span><\/strong><\/h3>\n<h3 style=\"text-align: center\"><strong><span><\/span><\/strong><\/h3>\n<h3 style=\"text-align: center\"><strong><span><\/span><\/strong><\/h3>\n<h3 style=\"text-align: center\"><strong><span>Director: Amr Salama\u00a0 <\/span><span><\/span><\/strong><\/h3>[\/et_pb_text][\/et_pb_column][\/et_pb_row][et_pb_row use_custom_gutter=\u00a0\u00bbon\u00a0\u00bb gutter_width=\u00a0\u00bb1&Prime; _builder_version=\u00a0\u00bb4.21.0&Prime; _module_preset=\u00a0\u00bb_initial\u00a0\u00bb global_colors_info=\u00a0\u00bb{}\u00a0\u00bb][et_pb_column type=\u00a0\u00bb4_4&Prime; _builder_version=\u00a0\u00bb4.21.0&Prime; _module_preset=\u00a0\u00bbdefault\u00a0\u00bb global_colors_info=\u00a0\u00bb{}\u00a0\u00bb][et_pb_video src=\u00a0\u00bbhttps:\/\/www.youtube.com\/watch?v=s6uHnhwE5Mo\u00a0\u00bb image_src=\u00a0\u00bbhttps:\/\/gawl-distribution.eu\/wp-content\/uploads\/sites\/2\/2025\/04\/3.jpg\u00a0\u00bb _builder_version=\u00a0\u00bb4.27.4&Prime; _module_preset=\u00a0\u00bbdefault\u00a0\u00bb global_colors_info=\u00a0\u00bb{}\u00a0\u00bb][\/et_pb_video][\/et_pb_column][\/et_pb_row][et_pb_row use_custom_gutter=\u00a0\u00bbon\u00a0\u00bb gutter_width=\u00a0\u00bb1&Prime; _builder_version=\u00a0\u00bb4.21.0&Prime; _module_preset=\u00a0\u00bb_initial\u00a0\u00bb min_height=\u00a0\u00bb373.5px\u00a0\u00bb global_colors_info=\u00a0\u00bb{}\u00a0\u00bb][et_pb_column type=\u00a0\u00bb4_4&Prime; _builder_version=\u00a0\u00bb4.21.0&Prime; _module_preset=\u00a0\u00bbdefault\u00a0\u00bb global_colors_info=\u00a0\u00bb{}\u00a0\u00bb][et_pb_text _builder_version=\u00a0\u00bb4.27.4&Prime; _module_preset=\u00a0\u00bbdefault\u00a0\u00bb global_colors_info=\u00a0\u00bb{}\u00a0\u00bb]<p style=\"text-align: center\"><strong>Synopsis :<\/strong>Tayea, a doctor from Upper Egypt, refuses to avenge his father's death, despite facing death threats. To escape, he deliberately commits a minor crime and gets himself imprisoned. While in jail, he discovers that his brother is working with Harby, the most notorious trafficker of ancient Egyptian artifacts. Tayea agrees to become a police informant, leaves prison, and infiltrates the artifact smuggling network. He convinces Harby that he is a \u201cfollower\u201d \u2014 someone with the ability to detect the location of buried artifacts in underground tombs.<\/p>\n<p style=\"text-align: center\"><strong>Director<\/strong>: <strong><span class=\"ipc-metadata-list-item__label ipc-metadata-list-item__label--btn\" aria-label=\"See full cast and crew\"><\/span><\/strong>Amr Salama<\/p>\n<p><strong>\u00a0 \u00a0 \u00a0 \u00a0 \u00a0 \u00a0 \u00a0 \u00a0 \u00a0 \u00a0 \u00a0 \u00a0 \u00a0 \u00a0 \u00a0 \u00a0 \u00a0 \u00a0 \u00a0 \u00a0 \u00a0 \u00a0 \u00a0 \u00a0 \u00a0 \u00a0 \u00a0 \u00a0 \u00a0 \u00a0 \u00a0 \u00a0 \u00a0 \u00a0 \u00a0 \u00a0 \u00a0 \u00a0 \u00a0 \u00a0 \u00a0 \u00a0 \u00a0 \u00a0 \u00a0 \u00a0 \u00a0 \u00a0 \u00a0 \u00a0 \u00a0 \u00a0 \u00a0 \u00a0 \u00a0 \u00a0 \u00a0 \u00a0 \u00a0Stars<\/strong>: <strong><span class=\"ipc-metadata-list-item__label ipc-metadata-list-item__label--btn\" aria-label=\"See full cast and crew\"><\/span><\/strong>Amr Youssef &#8211; Saba Mubarak<\/p>\n<p style=\"text-align: center\"><strong>Country<\/strong>: Egypt<\/p>\n<p style=\"text-align: center\"><strong>Genre<\/strong>: TV series, crime, drama, thriller<\/p>\n<p style=\"text-align: center\"><strong>Episodes <\/strong>: 30<\/p>\n<p style=\"text-align: center\"><strong>Duration<\/strong>: 38 min<\/p>\n<p style=\"text-align: center\"><strong>Language<\/strong>: Arabic<\/p>\n<p style=\"text-align: center\"><strong>Subtitles<\/strong>: French, English, Spanish, Italian, German, Dutch<\/p>\n<p style=\"text-align: center\"><strong>Year of production<\/strong>: 2018<\/p>\n<p style=\"text-align: center\"><strong>Production<\/strong>: Magnum Productions<\/p>\n<p style=\"text-align: center\"><\/p>[\/et_pb_text][\/et_pb_column][\/et_pb_row][\/et_pb_section]","protected":false},"excerpt":{"rendered":"<p>Tayea\u00a0 \u00a0 R\u00e9alisateur: Amr Salama\u00a0 Synopsis: Tayea, un m\u00e9decin du Haut-\u00c9gypte, refuse de se venger de la mort de son p\u00e8re, bien qu&rsquo;il soit menac\u00e9 de mort. Il s&rsquo;enfuit en se faisant emprisonner pour un petit crime qu&rsquo;il a commis d\u00e9lib\u00e9r\u00e9ment, jusqu&rsquo;\u00e0 ce qu&rsquo;il d\u00e9couvre que son fr\u00e8re travaille avec le plus grand trafiquant d&rsquo;artefacts [&hellip;]<\/p>","protected":false},"author":2,"featured_media":64,"parent":0,"menu_order":0,"comment_status":"closed","ping_status":"closed","template":"","meta":{"_et_pb_use_builder":"on","_et_pb_old_content":"","_et_gb_content_width":"","footnotes":""},"class_list":["post-100","page","type-page","status-publish","has-post-thumbnail","hentry"],"yoast_head":"<!-- This site is optimized with the Yoast SEO plugin v25.5 - https:\/\/yoast.com\/wordpress\/plugins\/seo\/ -->\n<title>Tayea - GAWL Distribution<\/title>\n<meta name=\"description\" content=\"Un jeune officier affronte les trafics d\u2019antiquit\u00e9s et les conflits tribaux dans le Sud de l\u2019\u00c9gypte, au c\u0153ur de la s\u00e9rie Tayea.\" \/>\n<meta name=\"robots\" content=\"index, follow, max-snippet:-1, max-image-preview:large, max-video-preview:-1\" \/>\n<link rel=\"canonical\" href=\"https:\/\/gawl-distribution.eu\/en\/tayea\/\" \/>\n<meta property=\"og:locale\" content=\"en_GB\" \/>\n<meta property=\"og:type\" content=\"article\" \/>\n<meta property=\"og:title\" content=\"Tayea - GAWL Distribution\" \/>\n<meta property=\"og:description\" content=\"Un jeune officier affronte les trafics d\u2019antiquit\u00e9s et les conflits tribaux dans le Sud de l\u2019\u00c9gypte, au c\u0153ur de la s\u00e9rie Tayea.\" \/>\n<meta property=\"og:url\" content=\"https:\/\/gawl-distribution.eu\/en\/tayea\/\" \/>\n<meta property=\"og:site_name\" content=\"GAWL Distribution\" \/>\n<meta property=\"article:modified_time\" content=\"2026-03-10T16:38:48+00:00\" \/>\n<meta property=\"og:image\" content=\"https:\/\/gawl-distribution.eu\/wp-content\/uploads\/sites\/2\/2025\/04\/2-1.jpg\" \/>\n\t<meta property=\"og:image:width\" content=\"400\" \/>\n\t<meta property=\"og:image:height\" content=\"300\" \/>\n\t<meta property=\"og:image:type\" content=\"image\/jpeg\" \/>\n<meta name=\"twitter:card\" content=\"summary_large_image\" \/>\n<meta name=\"twitter:label1\" content=\"Estimated reading time\" \/>\n\t<meta name=\"twitter:data1\" content=\"1 minute\" \/>\n<script type=\"application\/ld+json\" class=\"yoast-schema-graph\">{\"@context\":\"https:\/\/schema.org\",\"@graph\":[{\"@type\":\"WebPage\",\"@id\":\"https:\/\/gawl-distribution.eu\/tayea\/\",\"url\":\"https:\/\/gawl-distribution.eu\/tayea\/\",\"name\":\"Tayea - GAWL Distribution\",\"isPartOf\":{\"@id\":\"https:\/\/gawl-distribution.eu\/#website\"},\"primaryImageOfPage\":{\"@id\":\"https:\/\/gawl-distribution.eu\/tayea\/#primaryimage\"},\"image\":{\"@id\":\"https:\/\/gawl-distribution.eu\/tayea\/#primaryimage\"},\"thumbnailUrl\":\"https:\/\/gawl-distribution.eu\/wp-content\/uploads\/sites\/2\/2025\/04\/2-1.jpg\",\"datePublished\":\"2025-04-01T14:42:00+00:00\",\"dateModified\":\"2026-03-10T16:38:48+00:00\",\"description\":\"Un jeune officier affronte les trafics d\u2019antiquit\u00e9s et les conflits tribaux dans le Sud de l\u2019\u00c9gypte, au c\u0153ur de la s\u00e9rie Tayea.\",\"breadcrumb\":{\"@id\":\"https:\/\/gawl-distribution.eu\/tayea\/#breadcrumb\"},\"inLanguage\":\"en-GB\",\"potentialAction\":[{\"@type\":\"ReadAction\",\"target\":[\"https:\/\/gawl-distribution.eu\/tayea\/\"]}]},{\"@type\":\"ImageObject\",\"inLanguage\":\"en-GB\",\"@id\":\"https:\/\/gawl-distribution.eu\/tayea\/#primaryimage\",\"url\":\"https:\/\/gawl-distribution.eu\/wp-content\/uploads\/sites\/2\/2025\/04\/2-1.jpg\",\"contentUrl\":\"https:\/\/gawl-distribution.eu\/wp-content\/uploads\/sites\/2\/2025\/04\/2-1.jpg\",\"width\":400,\"height\":300},{\"@type\":\"BreadcrumbList\",\"@id\":\"https:\/\/gawl-distribution.eu\/tayea\/#breadcrumb\",\"itemListElement\":[{\"@type\":\"ListItem\",\"position\":1,\"name\":\"Home\",\"item\":\"https:\/\/gawl-distribution.eu\/\"},{\"@type\":\"ListItem\",\"position\":2,\"name\":\"Tayea\"}]},{\"@type\":\"WebSite\",\"@id\":\"https:\/\/gawl-distribution.eu\/#website\",\"url\":\"https:\/\/gawl-distribution.eu\/\",\"name\":\"GAWL Distribution\",\"description\":\"\",\"potentialAction\":[{\"@type\":\"SearchAction\",\"target\":{\"@type\":\"EntryPoint\",\"urlTemplate\":\"https:\/\/gawl-distribution.eu\/?s={search_term_string}\"},\"query-input\":{\"@type\":\"PropertyValueSpecification\",\"valueRequired\":true,\"valueName\":\"search_term_string\"}}],\"inLanguage\":\"en-GB\"}]}<\/script>\n<!-- \/ Yoast SEO plugin. -->","yoast_head_json":{"title":"Tayea - GAWL Distribution","description":"Un jeune officier affronte les trafics d\u2019antiquit\u00e9s et les conflits tribaux dans le Sud de l\u2019\u00c9gypte, au c\u0153ur de la s\u00e9rie Tayea.","robots":{"index":"index","follow":"follow","max-snippet":"max-snippet:-1","max-image-preview":"max-image-preview:large","max-video-preview":"max-video-preview:-1"},"canonical":"https:\/\/gawl-distribution.eu\/en\/tayea\/","og_locale":"en_GB","og_type":"article","og_title":"Tayea - GAWL Distribution","og_description":"Un jeune officier affronte les trafics d\u2019antiquit\u00e9s et les conflits tribaux dans le Sud de l\u2019\u00c9gypte, au c\u0153ur de la s\u00e9rie Tayea.","og_url":"https:\/\/gawl-distribution.eu\/en\/tayea\/","og_site_name":"GAWL Distribution","article_modified_time":"2026-03-10T16:38:48+00:00","og_image":[{"width":400,"height":300,"url":"https:\/\/gawl-distribution.eu\/wp-content\/uploads\/sites\/2\/2025\/04\/2-1.jpg","type":"image\/jpeg"}],"twitter_card":"summary_large_image","twitter_misc":{"Estimated reading time":"1 minute"},"schema":{"@context":"https:\/\/schema.org","@graph":[{"@type":"WebPage","@id":"https:\/\/gawl-distribution.eu\/tayea\/","url":"https:\/\/gawl-distribution.eu\/tayea\/","name":"Tayea - GAWL Distribution","isPartOf":{"@id":"https:\/\/gawl-distribution.eu\/#website"},"primaryImageOfPage":{"@id":"https:\/\/gawl-distribution.eu\/tayea\/#primaryimage"},"image":{"@id":"https:\/\/gawl-distribution.eu\/tayea\/#primaryimage"},"thumbnailUrl":"https:\/\/gawl-distribution.eu\/wp-content\/uploads\/sites\/2\/2025\/04\/2-1.jpg","datePublished":"2025-04-01T14:42:00+00:00","dateModified":"2026-03-10T16:38:48+00:00","description":"Un jeune officier affronte les trafics d\u2019antiquit\u00e9s et les conflits tribaux dans le Sud de l\u2019\u00c9gypte, au c\u0153ur de la s\u00e9rie Tayea.","breadcrumb":{"@id":"https:\/\/gawl-distribution.eu\/tayea\/#breadcrumb"},"inLanguage":"en-GB","potentialAction":[{"@type":"ReadAction","target":["https:\/\/gawl-distribution.eu\/tayea\/"]}]},{"@type":"ImageObject","inLanguage":"en-GB","@id":"https:\/\/gawl-distribution.eu\/tayea\/#primaryimage","url":"https:\/\/gawl-distribution.eu\/wp-content\/uploads\/sites\/2\/2025\/04\/2-1.jpg","contentUrl":"https:\/\/gawl-distribution.eu\/wp-content\/uploads\/sites\/2\/2025\/04\/2-1.jpg","width":400,"height":300},{"@type":"BreadcrumbList","@id":"https:\/\/gawl-distribution.eu\/tayea\/#breadcrumb","itemListElement":[{"@type":"ListItem","position":1,"name":"Home","item":"https:\/\/gawl-distribution.eu\/"},{"@type":"ListItem","position":2,"name":"Tayea"}]},{"@type":"WebSite","@id":"https:\/\/gawl-distribution.eu\/#website","url":"https:\/\/gawl-distribution.eu\/","name":"GAWL Distribution","description":"","potentialAction":[{"@type":"SearchAction","target":{"@type":"EntryPoint","urlTemplate":"https:\/\/gawl-distribution.eu\/?s={search_term_string}"},"query-input":{"@type":"PropertyValueSpecification","valueRequired":true,"valueName":"search_term_string"}}],"inLanguage":"en-GB"}]}},"_links":{"self":[{"href":"https:\/\/gawl-distribution.eu\/en\/wp-json\/wp\/v2\/pages\/100","targetHints":{"allow":["GET"]}}],"collection":[{"href":"https:\/\/gawl-distribution.eu\/en\/wp-json\/wp\/v2\/pages"}],"about":[{"href":"https:\/\/gawl-distribution.eu\/en\/wp-json\/wp\/v2\/types\/page"}],"author":[{"embeddable":true,"href":"https:\/\/gawl-distribution.eu\/en\/wp-json\/wp\/v2\/users\/2"}],"replies":[{"embeddable":true,"href":"https:\/\/gawl-distribution.eu\/en\/wp-json\/wp\/v2\/comments?post=100"}],"version-history":[{"count":0,"href":"https:\/\/gawl-distribution.eu\/en\/wp-json\/wp\/v2\/pages\/100\/revisions"}],"wp:featuredmedia":[{"embeddable":true,"href":"https:\/\/gawl-distribution.eu\/en\/wp-json\/wp\/v2\/media\/64"}],"wp:attachment":[{"href":"https:\/\/gawl-distribution.eu\/en\/wp-json\/wp\/v2\/media?parent=100"}],"curies":[{"name":"wp","href":"https:\/\/api.w.org\/{rel}","templated":true}]}}