{"id":1089,"date":"2026-02-11T19:53:49","date_gmt":"2026-02-11T19:53:49","guid":{"rendered":"https:\/\/gawl-distribution.eu\/?page_id=1089"},"modified":"2026-03-10T16:43:08","modified_gmt":"2026-03-10T16:43:08","slug":"news","status":"publish","type":"page","link":"https:\/\/gawl-distribution.eu\/en\/news\/","title":{"rendered":"News"},"content":{"rendered":"<p>[et_pb_section fb_built=\u00a0\u00bb1&Prime; custom_padding_last_edited=\u00a0\u00bbon|phone\u00a0\u00bb admin_label=\u00a0\u00bbPage Title Section\u00a0\u00bb _builder_version=\u00a0\u00bb4.27.4&Prime; _module_preset=\u00a0\u00bbdefault\u00a0\u00bb background_color=\u00a0\u00bb#000000&Prime; background_enable_image=\u00a0\u00bboff\u00a0\u00bb width=\u00a0\u00bb100%\u00a0\u00bb max_width=\u00a0\u00bb100%\u00a0\u00bb min_height=\u00a0\u00bb120px\u00a0\u00bb height=\u00a0\u00bb120px\u00a0\u00bb custom_margin_tablet=\u00a0\u00bb\u00a0\u00bb custom_margin_phone=\u00a0\u00bb\u00a0\u00bb custom_margin_last_edited=\u00a0\u00bbon|phone\u00a0\u00bb custom_padding=\u00a0\u00bb50px||50px||true|false\u00a0\u00bb custom_padding_tablet=\u00a0\u00bb\u00a0\u00bb custom_padding_phone=\u00a0\u00bb20px||20px||true|false\u00a0\u00bb global_colors_info=\u00a0\u00bb{}\u00a0\u00bb][et_pb_row use_custom_gutter=\u00a0\u00bbon\u00a0\u00bb gutter_width=\u00a0\u00bb1&Prime; admin_label=\u00a0\u00bbPage Title Area\u00a0\u00bb _builder_version=\u00a0\u00bb4.16&Prime; _module_preset=\u00a0\u00bb_initial\u00a0\u00bb global_colors_info=\u00a0\u00bb{}\u00a0\u00bb][et_pb_column type=\u00a0\u00bb4_4&Prime; _builder_version=\u00a0\u00bb4.16&Prime; _module_preset=\u00a0\u00bbdefault\u00a0\u00bb custom_padding=\u00a0\u00bb|||\u00a0\u00bb global_colors_info=\u00a0\u00bb{}\u00a0\u00bb custom_padding__hover=\u00a0\u00bb|||\u00a0\u00bb][et_pb_text admin_label=\u00a0\u00bbTitle\u00a0\u00bb _builder_version=\u00a0\u00bb4.27.4&Prime; _module_preset=\u00a0\u00bbdefault\u00a0\u00bb text_font=\u00a0\u00bbPoppins||||||||\u00a0\u00bb text_font_size=\u00a0\u00bb18px\u00a0\u00bb text_line_height=\u00a0\u00bb1.8em\u00a0\u00bb header_font=\u00a0\u00bbPoppins|600|||||||\u00a0\u00bb header_font_size=\u00a0\u00bb48px\u00a0\u00bb header_line_height=\u00a0\u00bb1.4em\u00a0\u00bb header_2_font=\u00a0\u00bb||||||||\u00a0\u00bb text_orientation=\u00a0\u00bbcenter\u00a0\u00bb background_layout=\u00a0\u00bbdark\u00a0\u00bb max_width=\u00a0\u00bb700px\u00a0\u00bb module_alignment=\u00a0\u00bbcenter\u00a0\u00bb custom_margin=\u00a0\u00bb-50px||||false|false\u00a0\u00bb custom_margin_tablet=\u00a0\u00bb\u00a0\u00bb custom_margin_phone=\u00a0\u00bb-13px||||false|false\u00a0\u00bb custom_margin_last_edited=\u00a0\u00bbon|tablet\u00a0\u00bb animation_style=\u00a0\u00bbfade\u00a0\u00bb header_font_size_tablet=\u00a0\u00bb\u00a0\u00bb header_font_size_phone=\u00a0\u00bb30px\u00a0\u00bb header_font_size_last_edited=\u00a0\u00bbon|phone\u00a0\u00bb global_colors_info=\u00a0\u00bb{}\u00a0\u00bb]<\/p>\n<h1 style=\"text-align: center;\">NEWS<\/h1>\n<p>[\/et_pb_text][\/et_pb_column][\/et_pb_row][\/et_pb_section][et_pb_section fb_built=\u00a0\u00bb1&Prime; _builder_version=\u00a0\u00bb4.27.4&Prime; _module_preset=\u00a0\u00bbdefault\u00a0\u00bb global_colors_info=\u00a0\u00bb{}\u00a0\u00bb][et_pb_row module_class=\u00a0\u00bbcinema-news\u00a0\u00bb _builder_version=\u00a0\u00bb4.27.4&Prime; _module_preset=\u00a0\u00bbdefault\u00a0\u00bb global_colors_info=\u00a0\u00bb{}\u00a0\u00bb][et_pb_column type=\u00a0\u00bb4_4&Prime; _builder_version=\u00a0\u00bb4.27.4&Prime; _module_preset=\u00a0\u00bbdefault\u00a0\u00bb global_colors_info=\u00a0\u00bb{}\u00a0\u00bb][et_pb_blog include_categories=\u00a0\u00bball\u00a0\u00bb meta_date=\u00a0\u00bbM Y\u00a0\u00bb show_author=\u00a0\u00bboff\u00a0\u00bb module_class=\u00a0\u00bb.cinema-news { outline: 6px solid red !important; }\u00a0\u00bb _builder_version=\u00a0\u00bb4.27.4&Prime; _module_preset=\u00a0\u00bbdefault\u00a0\u00bb custom_css_free_form=\u00a0\u00bb\/* ===== CINEMA NEWS \u2013 Layout Press (Titre full-width) ===== *\/||||.et_pb_blog_0.et_pb_posts .et_pb_post{||  display:grid !important;||  grid-template-columns: 260px 1fr !important;||  grid-template-areas:||    %22title title%22||    %22thumb meta%22||    %22thumb excerpt%22||    %22thumb more%22 !important;||||  column-gap: 28px !important;||  row-gap: 10px !important;||||  padding: 28px !important;||  margin: 0 0 22px 0 !important;||  background:#fff !important;||  border:1px solid rgba(0,0,0,0.08) !important;||  border-radius:16px !important;||  box-shadow:0 10px 30px rgba(0,0,0,0.06) !important;||  transition:transform 200ms ease, box-shadow 200ms ease, border-color 200ms ease !important;||}||||.et_pb_blog_0.et_pb_posts .et_pb_post:hover{||  transform:translateY(-2px) !important;||  box-shadow:0 18px 50px rgba(0,0,0,0.10) !important;||  border-color:rgba(0,0,0,0.14) !important;||}||||\/* &#8212; Title full width &#8212; *\/||.et_pb_blog_0.et_pb_posts .et_pb_post .entry-title{||  grid-area:title !important;||  margin: 0 0 2px 0 !important;||  font-size: 34px !important;||  line-height: 1.08 !important;||  font-weight : 600;||  letter-spacing: -0.025em !important;||}||||.et_pb_blog_0.et_pb_posts .et_pb_post .entry-title a{||  color:#111 !important;||  text-decoration:none !important;||}||||\/* clamp title to 2 lines (propre) *\/||.et_pb_blog_0.et_pb_posts .et_pb_post .entry-title{||  display:-webkit-box !important;||  -webkit-line-clamp:2 !important;||  -webkit-box-orient:vertical !important;||  overflow:hidden !important;||}||||\/* &#8212; Thumbnail &#8212; *\/||.et_pb_blog_0.et_pb_posts .et_pb_post .entry-featured-image-url{||  grid-area:thumb !important;||  width:260px !important;||  height:180px !important;||  margin:0 !important;||  border-radius:14px !important;||  overflow:hidden !important;||  background:#111 !important;||  box-shadow:0 8px 22px rgba(0,0,0,0.10) !important;||}||||.et_pb_blog_0.et_pb_posts .et_pb_post .entry-featured-image-url img{||  width:100% !important;||  height:100% !important;||  object-fit:cover !important;||  display:block !important;||  filter: contrast(1.05) saturate(1.03);||  transform: scale(1.02);||  transition: transform 300ms ease;||}||||\/* &#8212; Meta (date + tags) &#8212; *\/||.et_pb_blog_0.et_pb_posts .et_pb_post .post-meta{||  grid-area:meta !important;||  margin: 0 !important;||  font-size: 12px !important;||  letter-spacing: 0.08em !important;||  text-transform: uppercase !important;||  color: rgba(0,0,0,0.55) !important;||  line-height: 1.3 !important;||  opacity: 0.75 !important;||}||||\/* tags plus discrets *\/||.et_pb_blog_0.et_pb_posts .et_pb_post .post-meta a{||  text-decoration:none !important;||  border:1px solid rgba(0,0,0,0.14) !important;||  padding:4px 8px !important;||  font-size:11px !important;||  border-radius:999px !important;||  margin-left:8px !important; \/* au lieu de margin-right *\/||  display:inline-block !important;||  color:rgba(0,0,0,0.72) !important;||  background: rgba(0,0,0,0.03) !important;||}||||.et_pb_blog_0.et_pb_posts .et_pb_post .post-meta a:hover{||  background:rgba(0,0,0,0.04) !important;||  border-color:rgba(0,0,0,0.22) !important;||}||||\/* &#8212; Excerpt &#8212; *\/||.et_pb_blog_0.et_pb_posts .et_pb_post .post-content{||  grid-area:excerpt !important;||  padding:0 !important;||  margin:0 !important;||}||||.et_pb_blog_0.et_pb_posts .et_pb_post .post-content-inner p{||  margin: 0 !important;||  font-size: 16px !important;||  color: rgba(0,0,0,0.76) !important;||||  display:-webkit-box !important;||  -webkit-line-clamp:3 !important;||  -webkit-box-orient:vertical !important;||  overflow:hidden !important;||  max-width: 80ch !important;||  line-height: 1.7 !important;||}||||\/* &#8212; Read more &#8212; *\/||.et_pb_blog_0.et_pb_posts .et_pb_post a.more-link{||  grid-area:more !important;||  display:inline-flex !important;||  align-items:center !important;||  padding:10px 14px !important;||  border-radius:12px !important;||  border:1px solid rgba(0,0,0,0.14) !important;||  color:#111 !important;||  text-decoration:none !important;||  font-size:14px !important;||  margin-top: 6px !important;||}||||.et_pb_blog_0.et_pb_posts .et_pb_post a.more-link:hover{||  background:rgba(0,0,0,0.04) !important;||  border-color:rgba(0,0,0,0.22) !important;||  transform:translateY(-1px) !important;||}||||\/* &#8212; Post sans image : on garde la grille propre &#8212; *\/||.et_pb_blog_0.et_pb_posts .et_pb_post.et_pb_no_thumb{||  grid-template-columns: 1fr !important;||  grid-template-areas:||    %22title%22||    %22meta%22||    %22excerpt%22||    %22more%22 !important;||}||||.et_pb_blog_0.et_pb_posts .et_pb_post.et_pb_no_thumb:before{||  display:none !important;||}||||\/* ===== Mobile ===== *\/||@media (max-width: 980px){||  .et_pb_blog_0.et_pb_posts .et_pb_post{||    grid-template-columns: 1fr !important;||    grid-template-areas:||      %22title%22||      %22thumb%22||      %22meta%22||      %22excerpt%22||      %22more%22 !important;||    padding:20px !important;||    column-gap:0 !important;||  }||||  .et_pb_blog_0.et_pb_posts .et_pb_post .entry-featured-image-url{||    width:100% !important;||    height:220px !important;||  }||||  .et_pb_blog_0.et_pb_posts .et_pb_post .entry-title{||    font-size:24px !important;||  }||}||\u00a0\u00bb box_shadow_style_image=\u00a0\u00bbpreset5&Prime; global_colors_info=\u00a0\u00bb{}\u00a0\u00bb][\/et_pb_blog][\/et_pb_column][\/et_pb_row][\/et_pb_section][et_pb_section fb_built=\u00a0\u00bb1&Prime; admin_label=\u00a0\u00bbAbout Us Section\u00a0\u00bb _builder_version=\u00a0\u00bb4.16&Prime; _module_preset=\u00a0\u00bbdefault\u00a0\u00bb background_size=\u00a0\u00bbinitial\u00a0\u00bb background_position=\u00a0\u00bbbottom_left\u00a0\u00bb custom_padding=\u00a0\u00bb27px||27px||true|\u00a0\u00bb global_colors_info=\u00a0\u00bb{}\u00a0\u00bb][et_pb_row column_structure=\u00a0\u00bb1_2,1_2&Prime; use_custom_gutter=\u00a0\u00bbon\u00a0\u00bb gutter_width=\u00a0\u00bb1&Prime; admin_label=\u00a0\u00bbTitle Area\u00a0\u00bb _builder_version=\u00a0\u00bb4.16&Prime; _module_preset=\u00a0\u00bb_initial\u00a0\u00bb global_colors_info=\u00a0\u00bb{}\u00a0\u00bb][et_pb_column type=\u00a0\u00bb1_2&Prime; _builder_version=\u00a0\u00bb4.16&Prime; _module_preset=\u00a0\u00bbdefault\u00a0\u00bb custom_padding=\u00a0\u00bb|||\u00a0\u00bb global_colors_info=\u00a0\u00bb{}\u00a0\u00bb custom_padding__hover=\u00a0\u00bb|||\u00a0\u00bb][et_pb_image src=\u00a0\u00bbhttps:\/\/gawl-distribution.eu\/wp-content\/uploads\/sites\/2\/2025\/04\/Logo-Gawl.ai-3.jpg\u00a0\u00bb alt=\u00a0\u00bbLogo-Gawl.ai-3&Prime; title_text=\u00a0\u00bbLogo-Gawl.ai-3&Prime; align=\u00a0\u00bbright\u00a0\u00bb _builder_version=\u00a0\u00bb4.21.0&Prime; _module_preset=\u00a0\u00bbdefault\u00a0\u00bb width=\u00a0\u00bb48%\u00a0\u00bb module_alignment=\u00a0\u00bbcenter\u00a0\u00bb custom_margin=\u00a0\u00bb-2px||12px|91px||\u00a0\u00bb global_colors_info=\u00a0\u00bb{}\u00a0\u00bb][\/et_pb_image][et_pb_text _builder_version=\u00a0\u00bb4.21.0&Prime; _module_preset=\u00a0\u00bbdefault\u00a0\u00bb text_font=\u00a0\u00bb|700|||||||\u00a0\u00bb text_font_size=\u00a0\u00bb26px\u00a0\u00bb header_font=\u00a0\u00bbPoppins|||on|||||\u00a0\u00bb header_text_color=\u00a0\u00bb#6B6B6B\u00a0\u00bb header_font_size=\u00a0\u00bb31px\u00a0\u00bb header_line_height=\u00a0\u00bb1.3em\u00a0\u00bb inline_fonts=\u00a0\u00bbAbhaya Libre,Acme\u00a0\u00bb global_colors_info=\u00a0\u00bb{}\u00a0\u00bb]<\/p>\n<h1 style=\"text-align: left\"><span style=\"font-family: inherit;font-weight: normal\"><strong>Discover new horizons and exceed your goals !<\/strong><\/span><\/h1>\n<p>[\/et_pb_text][\/et_pb_column][et_pb_column type=\u00a0\u00bb1_2&Prime; _builder_version=\u00a0\u00bb4.21.0&Prime; _module_preset=\u00a0\u00bbdefault\u00a0\u00bb global_colors_info=\u00a0\u00bb{}\u00a0\u00bb][et_pb_text _builder_version=\u00a0\u00bb4.27.4&Prime; _module_preset=\u00a0\u00bbdefault\u00a0\u00bb text_font=\u00a0\u00bbPoppins||||||||\u00a0\u00bb text_font_size=\u00a0\u00bb20px\u00a0\u00bb text_line_height=\u00a0\u00bb1.8em\u00a0\u00bb text_font_size_tablet=\u00a0\u00bb\u00a0\u00bb text_font_size_phone=\u00a0\u00bb15px\u00a0\u00bb text_font_size_last_edited=\u00a0\u00bbon|phone\u00a0\u00bb global_colors_info=\u00a0\u00bb{}\u00a0\u00bb]<\/p>\n<p><span style=\"color: #000000\">We are passionate about independent and multicultural content.<\/span><br data-start=\"684\" data-end=\"687\" \/><span style=\"color: #000000\">We support works from the Arab world and beyond, as long as they offer unique, authentic, and powerful perspectives.<\/span><br data-start=\"843\" data-end=\"846\" \/><br \/><span style=\"color: #000000\">Our mission: to bring these stories to new audiences, in France and internationally.<\/span><\/p>\n<p>[\/et_pb_text][\/et_pb_column][\/et_pb_row][\/et_pb_section][et_pb_section fb_built=\u00a0\u00bb1&Prime; custom_padding_last_edited=\u00a0\u00bbon|phone\u00a0\u00bb admin_label=\u00a0\u00bbSubscription Section\u00a0\u00bb _builder_version=\u00a0\u00bb4.21.0&Prime; _module_preset=\u00a0\u00bbdefault\u00a0\u00bb background_color=\u00a0\u00bb#5B8500&Prime; use_background_color_gradient=\u00a0\u00bbon\u00a0\u00bb background_color_gradient_stops=\u00a0\u00bb#339933 0%|#4d5214 100%\u00a0\u00bb background_color_gradient_start=\u00a0\u00bb#339933&Prime; background_color_gradient_end=\u00a0\u00bb#99cc33&Prime; background_position=\u00a0\u00bbtop_center\u00a0\u00bb min_height=\u00a0\u00bb329.4px\u00a0\u00bb min_height_tablet=\u00a0\u00bb\u00a0\u00bb min_height_phone=\u00a0\u00bb\u00a0\u00bb min_height_last_edited=\u00a0\u00bbon|phone\u00a0\u00bb custom_margin=\u00a0\u00bb-39px|||||\u00a0\u00bb custom_margin_tablet=\u00a0\u00bb\u00a0\u00bb custom_margin_phone=\u00a0\u00bb||||true|false\u00a0\u00bb custom_margin_last_edited=\u00a0\u00bbon|phone\u00a0\u00bb custom_padding=\u00a0\u00bb60px||60px||true|\u00a0\u00bb custom_padding_tablet=\u00a0\u00bb\u00a0\u00bb custom_padding_phone=\u00a0\u00bb0px||0px||true|false\u00a0\u00bb locked=\u00a0\u00bboff\u00a0\u00bb global_colors_info=\u00a0\u00bb{}\u00a0\u00bb][et_pb_row use_custom_gutter=\u00a0\u00bbon\u00a0\u00bb gutter_width=\u00a0\u00bb1&Prime; admin_label=\u00a0\u00bbHero Area\u00a0\u00bb _builder_version=\u00a0\u00bb4.16&Prime; _module_preset=\u00a0\u00bb_initial\u00a0\u00bb background_size=\u00a0\u00bbinitial\u00a0\u00bb background_position=\u00a0\u00bbtop_left\u00a0\u00bb background_repeat=\u00a0\u00bbrepeat\u00a0\u00bb custom_padding=\u00a0\u00bb35px|||||\u00a0\u00bb global_colors_info=\u00a0\u00bb{}\u00a0\u00bb][et_pb_column type=\u00a0\u00bb4_4&Prime; _builder_version=\u00a0\u00bb4.16&Prime; _module_preset=\u00a0\u00bbdefault\u00a0\u00bb custom_padding=\u00a0\u00bb|||\u00a0\u00bb global_colors_info=\u00a0\u00bb{}\u00a0\u00bb custom_padding__hover=\u00a0\u00bb|||\u00a0\u00bb][et_pb_cta title=\u00a0\u00bbBesoin de plus d&rsquo;informations ?\u00a0\u00bb button_url=\u00a0\u00bbmailto:contact@gawl.eu?subject=Merci%20de%20me%20contacter%20pour%20mieux%20conna\u00eetre%20vos%20services\u00a0\u00bb button_text=\u00a0\u00bbNous contacter\u00a0\u00bb title_last_edited=\u00a0\u00bboff|phone\u00a0\u00bb admin_label=\u00a0\u00bbHero Text\u00a0\u00bb _builder_version=\u00a0\u00bb4.16&Prime; _module_preset=\u00a0\u00bbdefault\u00a0\u00bb header_font=\u00a0\u00bbPoppins|600|||||||\u00a0\u00bb header_text_color=\u00a0\u00bb#FFFFFF\u00a0\u00bb header_font_size=\u00a0\u00bb44px\u00a0\u00bb header_line_height=\u00a0\u00bb1.4em\u00a0\u00bb body_font=\u00a0\u00bbPoppins||||||||\u00a0\u00bb body_font_size=\u00a0\u00bb18px\u00a0\u00bb body_line_height=\u00a0\u00bb1.8em\u00a0\u00bb use_background_color=\u00a0\u00bboff\u00a0\u00bb custom_button=\u00a0\u00bbon\u00a0\u00bb button_text_size=\u00a0\u00bb14px\u00a0\u00bb button_text_color=\u00a0\u00bb#ffffff\u00a0\u00bb button_bg_color=\u00a0\u00bb#0e7c00&Prime; button_border_width=\u00a0\u00bb12px\u00a0\u00bb button_border_color=\u00a0\u00bb#0e7c00&Prime; button_border_radius=\u00a0\u00bb10px\u00a0\u00bb button_letter_spacing=\u00a0\u00bb2px\u00a0\u00bb button_font=\u00a0\u00bbPoppins|600||on|||||\u00a0\u00bb button_icon=\u00a0\u00bb&#xe065;||divi||400&Prime; background_layout=\u00a0\u00bblight\u00a0\u00bb max_width=\u00a0\u00bb700px\u00a0\u00bb module_alignment=\u00a0\u00bbcenter\u00a0\u00bb custom_margin=\u00a0\u00bb0px||||false|false\u00a0\u00bb animation_style=\u00a0\u00bbfade\u00a0\u00bb header_font_size_tablet=\u00a0\u00bb\u00a0\u00bb header_font_size_phone=\u00a0\u00bb18px\u00a0\u00bb header_font_size_last_edited=\u00a0\u00bbon|phone\u00a0\u00bb button_border_width_tablet=\u00a0\u00bb\u00a0\u00bb button_border_width_phone=\u00a0\u00bb5px\u00a0\u00bb button_border_width_last_edited=\u00a0\u00bbon|phone\u00a0\u00bb button_border_radius_phone=\u00a0\u00bb10px\u00a0\u00bb button_border_radius_last_edited=\u00a0\u00bboff|phone\u00a0\u00bb global_colors_info=\u00a0\u00bb{}\u00a0\u00bb button_text_size__hover_enabled=\u00a0\u00bboff\u00a0\u00bb button_one_text_size__hover_enabled=\u00a0\u00bboff\u00a0\u00bb button_two_text_size__hover_enabled=\u00a0\u00bboff\u00a0\u00bb button_text_color__hover_enabled=\u00a0\u00bboff\u00a0\u00bb button_one_text_color__hover_enabled=\u00a0\u00bboff\u00a0\u00bb button_two_text_color__hover_enabled=\u00a0\u00bboff\u00a0\u00bb button_border_width__hover_enabled=\u00a0\u00bboff\u00a0\u00bb button_one_border_width__hover_enabled=\u00a0\u00bboff\u00a0\u00bb button_two_border_width__hover_enabled=\u00a0\u00bboff\u00a0\u00bb button_border_color__hover_enabled=\u00a0\u00bboff\u00a0\u00bb button_one_border_color__hover_enabled=\u00a0\u00bboff\u00a0\u00bb button_two_border_color__hover_enabled=\u00a0\u00bboff\u00a0\u00bb button_border_radius__hover_enabled=\u00a0\u00bboff\u00a0\u00bb button_one_border_radius__hover_enabled=\u00a0\u00bboff\u00a0\u00bb button_two_border_radius__hover_enabled=\u00a0\u00bboff\u00a0\u00bb button_letter_spacing__hover_enabled=\u00a0\u00bboff\u00a0\u00bb button_one_letter_spacing__hover_enabled=\u00a0\u00bboff\u00a0\u00bb button_two_letter_spacing__hover_enabled=\u00a0\u00bboff\u00a0\u00bb button_bg_color__hover_enabled=\u00a0\u00bboff\u00a0\u00bb button_one_bg_color__hover_enabled=\u00a0\u00bboff\u00a0\u00bb button_two_bg_color__hover_enabled=\u00a0\u00bboff\u00a0\u00bb][\/et_pb_cta][\/et_pb_column][\/et_pb_row][\/et_pb_section]<\/p>","protected":false},"excerpt":{"rendered":"<p>NEWSD\u00e9couvrez de nouveaux horizons et d\u00e9passez vos objectifs!Nous sommes passionn\u00e9s par les programmes ind\u00e9pendants et multiculturels.Nous accompagnons des \u0153uvres issues du monde arabe, mais aussi d\u2019autres horizons, tant qu\u2019elles portent des regards singuliers, authentiques et puissants.Notre mission : faire voyager ces histoires vers de nouveaux publics, en France et \u00e0 l\u2019international.<\/p>","protected":false},"author":1,"featured_media":0,"parent":0,"menu_order":0,"comment_status":"closed","ping_status":"closed","template":"","meta":{"_et_pb_use_builder":"on","_et_pb_old_content":"","_et_gb_content_width":"","footnotes":""},"class_list":["post-1089","page","type-page","status-publish","hentry"],"yoast_head":"<!-- This site is optimized with the Yoast SEO plugin v25.5 - https:\/\/yoast.com\/wordpress\/plugins\/seo\/ -->\n<title>News - GAWL Distribution<\/title>\n<meta name=\"description\" content=\"GAWL, sp\u00e9cialis\u00e9e dans la distribution de films et s\u00e9ries, accompagne les talents du monde entier dans la valorisation de leurs \u0153uvres \u00e0 l\u2019international.\" \/>\n<meta name=\"robots\" content=\"index, follow, max-snippet:-1, max-image-preview:large, max-video-preview:-1\" \/>\n<link rel=\"canonical\" href=\"https:\/\/gawl-distribution.eu\/en\/news\/\" \/>\n<meta property=\"og:locale\" content=\"en_GB\" \/>\n<meta property=\"og:type\" content=\"article\" \/>\n<meta property=\"og:title\" content=\"News - GAWL Distribution\" \/>\n<meta property=\"og:description\" content=\"GAWL, sp\u00e9cialis\u00e9e dans la distribution de films et s\u00e9ries, accompagne les talents du monde entier dans la valorisation de leurs \u0153uvres \u00e0 l\u2019international.\" \/>\n<meta property=\"og:url\" content=\"https:\/\/gawl-distribution.eu\/en\/news\/\" \/>\n<meta property=\"og:site_name\" content=\"GAWL Distribution\" \/>\n<meta property=\"article:modified_time\" content=\"2026-03-10T16:43:08+00:00\" \/>\n<meta name=\"twitter:card\" content=\"summary_large_image\" \/>\n<meta name=\"twitter:label1\" content=\"Estimated reading time\" \/>\n\t<meta name=\"twitter:data1\" content=\"2 minutes\" \/>\n<script type=\"application\/ld+json\" class=\"yoast-schema-graph\">{\"@context\":\"https:\/\/schema.org\",\"@graph\":[{\"@type\":\"WebPage\",\"@id\":\"https:\/\/gawl-distribution.eu\/news\/\",\"url\":\"https:\/\/gawl-distribution.eu\/news\/\",\"name\":\"News - GAWL Distribution\",\"isPartOf\":{\"@id\":\"https:\/\/gawl-distribution.eu\/#website\"},\"datePublished\":\"2026-02-11T19:53:49+00:00\",\"dateModified\":\"2026-03-10T16:43:08+00:00\",\"description\":\"GAWL, sp\u00e9cialis\u00e9e dans la distribution de films et s\u00e9ries, accompagne les talents du monde entier dans la valorisation de leurs \u0153uvres \u00e0 l\u2019international.\",\"breadcrumb\":{\"@id\":\"https:\/\/gawl-distribution.eu\/news\/#breadcrumb\"},\"inLanguage\":\"en-GB\",\"potentialAction\":[{\"@type\":\"ReadAction\",\"target\":[\"https:\/\/gawl-distribution.eu\/news\/\"]}]},{\"@type\":\"BreadcrumbList\",\"@id\":\"https:\/\/gawl-distribution.eu\/news\/#breadcrumb\",\"itemListElement\":[{\"@type\":\"ListItem\",\"position\":1,\"name\":\"Home\",\"item\":\"https:\/\/gawl-distribution.eu\/\"},{\"@type\":\"ListItem\",\"position\":2,\"name\":\"News\"}]},{\"@type\":\"WebSite\",\"@id\":\"https:\/\/gawl-distribution.eu\/#website\",\"url\":\"https:\/\/gawl-distribution.eu\/\",\"name\":\"GAWL Distribution\",\"description\":\"\",\"potentialAction\":[{\"@type\":\"SearchAction\",\"target\":{\"@type\":\"EntryPoint\",\"urlTemplate\":\"https:\/\/gawl-distribution.eu\/?s={search_term_string}\"},\"query-input\":{\"@type\":\"PropertyValueSpecification\",\"valueRequired\":true,\"valueName\":\"search_term_string\"}}],\"inLanguage\":\"en-GB\"}]}<\/script>\n<!-- \/ Yoast SEO plugin. -->","yoast_head_json":{"title":"News - GAWL Distribution","description":"GAWL, sp\u00e9cialis\u00e9e dans la distribution de films et s\u00e9ries, accompagne les talents du monde entier dans la valorisation de leurs \u0153uvres \u00e0 l\u2019international.","robots":{"index":"index","follow":"follow","max-snippet":"max-snippet:-1","max-image-preview":"max-image-preview:large","max-video-preview":"max-video-preview:-1"},"canonical":"https:\/\/gawl-distribution.eu\/en\/news\/","og_locale":"en_GB","og_type":"article","og_title":"News - GAWL Distribution","og_description":"GAWL, sp\u00e9cialis\u00e9e dans la distribution de films et s\u00e9ries, accompagne les talents du monde entier dans la valorisation de leurs \u0153uvres \u00e0 l\u2019international.","og_url":"https:\/\/gawl-distribution.eu\/en\/news\/","og_site_name":"GAWL Distribution","article_modified_time":"2026-03-10T16:43:08+00:00","twitter_card":"summary_large_image","twitter_misc":{"Estimated reading time":"2 minutes"},"schema":{"@context":"https:\/\/schema.org","@graph":[{"@type":"WebPage","@id":"https:\/\/gawl-distribution.eu\/news\/","url":"https:\/\/gawl-distribution.eu\/news\/","name":"News - GAWL Distribution","isPartOf":{"@id":"https:\/\/gawl-distribution.eu\/#website"},"datePublished":"2026-02-11T19:53:49+00:00","dateModified":"2026-03-10T16:43:08+00:00","description":"GAWL, sp\u00e9cialis\u00e9e dans la distribution de films et s\u00e9ries, accompagne les talents du monde entier dans la valorisation de leurs \u0153uvres \u00e0 l\u2019international.","breadcrumb":{"@id":"https:\/\/gawl-distribution.eu\/news\/#breadcrumb"},"inLanguage":"en-GB","potentialAction":[{"@type":"ReadAction","target":["https:\/\/gawl-distribution.eu\/news\/"]}]},{"@type":"BreadcrumbList","@id":"https:\/\/gawl-distribution.eu\/news\/#breadcrumb","itemListElement":[{"@type":"ListItem","position":1,"name":"Home","item":"https:\/\/gawl-distribution.eu\/"},{"@type":"ListItem","position":2,"name":"News"}]},{"@type":"WebSite","@id":"https:\/\/gawl-distribution.eu\/#website","url":"https:\/\/gawl-distribution.eu\/","name":"GAWL Distribution","description":"","potentialAction":[{"@type":"SearchAction","target":{"@type":"EntryPoint","urlTemplate":"https:\/\/gawl-distribution.eu\/?s={search_term_string}"},"query-input":{"@type":"PropertyValueSpecification","valueRequired":true,"valueName":"search_term_string"}}],"inLanguage":"en-GB"}]}},"_links":{"self":[{"href":"https:\/\/gawl-distribution.eu\/en\/wp-json\/wp\/v2\/pages\/1089","targetHints":{"allow":["GET"]}}],"collection":[{"href":"https:\/\/gawl-distribution.eu\/en\/wp-json\/wp\/v2\/pages"}],"about":[{"href":"https:\/\/gawl-distribution.eu\/en\/wp-json\/wp\/v2\/types\/page"}],"author":[{"embeddable":true,"href":"https:\/\/gawl-distribution.eu\/en\/wp-json\/wp\/v2\/users\/1"}],"replies":[{"embeddable":true,"href":"https:\/\/gawl-distribution.eu\/en\/wp-json\/wp\/v2\/comments?post=1089"}],"version-history":[{"count":0,"href":"https:\/\/gawl-distribution.eu\/en\/wp-json\/wp\/v2\/pages\/1089\/revisions"}],"wp:attachment":[{"href":"https:\/\/gawl-distribution.eu\/en\/wp-json\/wp\/v2\/media?parent=1089"}],"curies":[{"name":"wp","href":"https:\/\/api.w.org\/{rel}","templated":true}]}}