{"id":121,"date":"2025-04-01T14:38:17","date_gmt":"2025-04-01T14:38:17","guid":{"rendered":"https:\/\/gawl-distribution.eu\/?page_id=121"},"modified":"2026-03-10T16:38:49","modified_gmt":"2026-03-10T16:38:49","slug":"amoula-nouba","status":"publish","type":"page","link":"https:\/\/gawl-distribution.eu\/en\/amoula-nouba\/","title":{"rendered":"Amoula Nouba"},"content":{"rendered":"<p>[et_pb_section fb_built=\u00a0\u00bb1&Prime; _builder_version=\u00a0\u00bb4.21.0&Prime; _module_preset=\u00a0\u00bbdefault\u00a0\u00bb global_colors_info=\u00a0\u00bb{}\u00a0\u00bb][et_pb_row use_custom_gutter=\u00a0\u00bbon\u00a0\u00bb gutter_width=\u00a0\u00bb1&Prime; _builder_version=\u00a0\u00bb4.21.0&Prime; _module_preset=\u00a0\u00bb_initial\u00a0\u00bb global_colors_info=\u00a0\u00bb{}\u00a0\u00bb][et_pb_column type=\u00a0\u00bb4_4&Prime; _builder_version=\u00a0\u00bb4.21.0&Prime; _module_preset=\u00a0\u00bbdefault\u00a0\u00bb global_colors_info=\u00a0\u00bb{}\u00a0\u00bb][et_pb_text _builder_version=\u00a0\u00bb4.21.0&Prime; _module_preset=\u00a0\u00bbdefault\u00a0\u00bb text_font_size=\u00a0\u00bb13px\u00a0\u00bb header_font_size=\u00a0\u00bb48px\u00a0\u00bb global_colors_info=\u00a0\u00bb{}\u00a0\u00bb]<\/p>\n<h1 style=\"text-align: center\"><strong>Amoula Nouba<\/strong><\/h1>\n<h3 style=\"text-align: center\"><strong><span><\/span><\/strong><\/h3>\n<h3 style=\"text-align: center\"><strong><span><\/span><\/strong><\/h3>\n<h3 style=\"text-align: center\"><strong><span><\/span><\/strong><\/h3>\n<h3 style=\"text-align: center\"><strong><span><\/span><\/strong><\/h3>\n<h3 style=\"text-align: center\"><strong>Director: Samia Akriou<\/strong><\/h3>\n<p>[\/et_pb_text][\/et_pb_column][\/et_pb_row][et_pb_row use_custom_gutter=\u00a0\u00bbon\u00a0\u00bb gutter_width=\u00a0\u00bb1&Prime; _builder_version=\u00a0\u00bb4.21.0&Prime; _module_preset=\u00a0\u00bb_initial\u00a0\u00bb global_colors_info=\u00a0\u00bb{}\u00a0\u00bb][et_pb_column type=\u00a0\u00bb4_4&Prime; _builder_version=\u00a0\u00bb4.21.0&Prime; _module_preset=\u00a0\u00bbdefault\u00a0\u00bb global_colors_info=\u00a0\u00bb{}\u00a0\u00bb][et_pb_code _builder_version=\u00a0\u00bb4.27.4&Prime; _module_preset=\u00a0\u00bbdefault\u00a0\u00bb hover_enabled=\u00a0\u00bb0&Prime; global_colors_info=\u00a0\u00bb{}\u00a0\u00bb sticky_enabled=\u00a0\u00bb0&Prime;]<div id=\"wpfp_79e62b676a1dfd27bcdbf39c80795c47\" data-item=\"{&quot;sources&quot;:[{&quot;src&quot;:&quot;https:\\\/\\\/gawl.eu\\\/wp-content\\\/uploads\\\/sites\\\/41\\\/2024\\\/09\\\/A-Moula-Nouba-a-partir-du-mercredi-10-mai-22h-sur-Al-Aoula-1.mp4&quot;,&quot;type&quot;:&quot;video\\\/mp4&quot;}],&quot;id&quot;:&quot;3&quot;,&quot;splash&quot;:&quot;https:\\\/\\\/gawl.eu\\\/wp-content\\\/uploads\\\/sites\\\/41\\\/2024\\\/09\\\/gawl_amoula_nouba.jpg&quot;,&quot;subtitles&quot;:[{&quot;srclang&quot;:&quot;fr&quot;,&quot;label&quot;:&quot;Fran\\u00e7ais&quot;,&quot;src&quot;:&quot;https:\\\/\\\/gawl.eu\\\/wp-content\\\/uploads\\\/sites\\\/41\\\/2024\\\/09\\\/fr-fr-Amoula-Nouba.mp4.vtt&quot;,&quot;fv_default&quot;:true},{&quot;srclang&quot;:&quot;ar&quot;,&quot;label&quot;:&quot;\\u0627\\u0644\\u0639\\u0631\\u0628\\u064a\\u0629&quot;,&quot;src&quot;:&quot;https:\\\/\\\/gawl.eu\\\/wp-content\\\/uploads\\\/sites\\\/41\\\/2024\\\/09\\\/ar-fr-Amoula-Nouba.mp4_AR.vtt&quot;},{&quot;srclang&quot;:&quot;en&quot;,&quot;label&quot;:&quot;English&quot;,&quot;src&quot;:&quot;https:\\\/\\\/gawl.eu\\\/wp-content\\\/uploads\\\/sites\\\/41\\\/2024\\\/09\\\/en-us-fr-Amoula-Nouba.mp4_EN-US.vtt&quot;},{&quot;srclang&quot;:&quot;es&quot;,&quot;label&quot;:&quot;Espa\\u00f1ol&quot;,&quot;src&quot;:&quot;https:\\\/\\\/gawl.eu\\\/wp-content\\\/uploads\\\/sites\\\/41\\\/2024\\\/09\\\/sp-fr-Amoula-Nouba.mp4_SP.vtt&quot;},{&quot;srclang&quot;:&quot;it&quot;,&quot;label&quot;:&quot;Italiano&quot;,&quot;src&quot;:&quot;https:\\\/\\\/gawl.eu\\\/wp-content\\\/uploads\\\/sites\\\/41\\\/2024\\\/09\\\/it-fr-Amoula-Nouba.mp4_IT.vtt&quot;},{&quot;srclang&quot;:&quot;de&quot;,&quot;label&quot;:&quot;Deutsch&quot;,&quot;src&quot;:&quot;https:\\\/\\\/gawl.eu\\\/wp-content\\\/uploads\\\/sites\\\/41\\\/2024\\\/09\\\/de-fr-Amoula-Nouba.mp4_DE.vtt&quot;},{&quot;srclang&quot;:&quot;nl&quot;,&quot;label&quot;:&quot;Nederlands&quot;,&quot;src&quot;:&quot;https:\\\/\\\/gawl.eu\\\/wp-content\\\/uploads\\\/sites\\\/41\\\/2024\\\/09\\\/nl-fr-Amoula-Nouba.mp4_NL.vtt&quot;}]}\" class=\"flowplayer no-brand is-splash is-paused skin-slim no-svg fp-slim fp-edgy\" data-button-rewind=\"1\" data-fv-embed=\"https:\/\/gawl-distribution.eu\/en\/amoula-nouba\/fvp-3\/\" style=\"position:relative; max-width: 1920px; max-height: 1080px; \" data-ratio=\"0.5625\" itemprop=\"video\" itemscope=\"\" itemtype=\"http:\/\/schema.org\/VideoObject\" data-player-id=\"3\" data-fv_stats_data=\"{&quot;player_id&quot;:&quot;3&quot;,&quot;post_id&quot;:121}\" data-speedb=\"1\">\n\t<div class=\"fp-ratio\" style=\"padding-top: 56.25%\"><\/div>\n\t<img decoding=\"async\" class=\"fp-splash\" alt=\"video\" src=\"https:\/\/gawl.eu\/wp-content\/uploads\/sites\/41\/2024\/09\/gawl_amoula_nouba.jpg\" style=\"position:absolute;top:0;width:100%\" \/>\n\t<div class=\"fp-ui\"><noscript>Please enable JavaScript<\/noscript><div class=\"fp-play fp-visible\"><svg class=\"fp-play-sharp-fill\" xmlns=\"http:\/\/www.w3.org\/2000\/svg\" viewbox=\"0 0 100 100\"><defs><style>.fp-color-play{opacity:0.65;}.controlbutton{fill:#fff;}<\/style><\/defs><title>play-sharp-fill<\/title><path class=\"fp-color-play\" d=\"M49.9217-.078a50,50,0,1,0,50,50A50.0564,50.0564,0,0,0,49.9217-.078Z\"\/><polygon class=\"controlbutton\" points=\"73.601 50 37.968 70.573 37.968 29.427 73.601 50\" filter=\"url(#f1)\"\/><\/svg><\/div><div class=\"fp-preload\"><b><\/b><b><\/b><b><\/b><b><\/b><\/div><\/div>\n\n<meta itemprop=\"name\" content=\"Amoula Nouba\" \/>\r\n        <meta itemprop=\"description\" content=\"[et_pb_section fb_built=&quot;1&quot; _builder_version=&quot;4.21.0&quot; _module_preset=&quot;default&quot; global_colors_info=&quot;{}&quot;][et_pb_row use_custom_gutter=&quot;on&quot; gutter_width=&quot;1&quot; _builder_version=&quot;4.21.0&quot; _module_preset=&quot;_initial&quot; global_colors_info=&quot;{}&quot;][et_pb_column type=&quot;4_4&quot; _builder_version=&quot;4.21.0&quot; _module_preset=&quot;default&quot; global_colors_info=&quot;{}&quot;][et_pb_text _builder_version=&quot;4.21.0&quot; _module_preset=&quot;default&quot; text_font_size=&quot;13px&quot; header_font_size=&quot;48px&quot; global_colors_info=&quot;{}&quot;]Amoula Nouba R\u00e9alisateur: Samia Akriou[\/et_pb_text][\/et_pb_column][\/et_pb_row][et_pb_row use_custom_gutter=&quot;on&quot; gutter_width=&quot;1&quot; _builder_version=&quot;4.21.0&quot; _module_preset=&quot;_initial&quot; global_colors_info=&quot;{}&quot;][et_pb_column type=&quot;4_4&quot; _builder_version=&quot;4.21.0&quot;&hellip;\" \/>\r\n        <meta itemprop=\"thumbnailUrl\" content=\"https:\/\/gawl.eu\/wp-content\/uploads\/sites\/41\/2024\/09\/gawl_amoula_nouba.jpg\" \/>\r\n        <meta itemprop=\"contentURL\" content=\"https:\/\/gawl-distribution.eu\/en\/amoula-nouba\/\" \/>\r\n        <meta itemprop=\"uploadDate\" content=\"2026-03-10T16:38:49+00:00\" \/>\n        <meta itemprop=\"duration\" content=\"PT1M4S\" \/>\n<div class='fvp-share-bar'><ul class=\"fvp-sharing\">\r\n    <li><a class=\"sharing-facebook\" href=\"https:\/\/www.facebook.com\/sharer\/sharer.php?u=https%3A%2F%2Fgawl-distribution.eu%2Fen%2Famoula-nouba%2F\" target=\"_blank\"><\/a><\/li>\r\n    <li><a class=\"sharing-twitter\" href=\"https:\/\/twitter.com\/intent\/tweet?text=GAWL+Distribution+&url=https%3A%2F%2Fgawl-distribution.eu%2Fen%2Famoula-nouba%2F\" target=\"_blank\"><\/a><\/li>\r\n    <li><a class=\"sharing-email\" href=\"mailto:?body=Check%20out%20the%20amazing%20video%20here%3A%20https%3A%2F%2Fgawl-distribution.eu%2Fen%2Famoula-nouba%2F\" target=\"_blank\"><\/a><\/li><\/ul><div><a class=\"sharing-link\" href=\"https:\/\/gawl-distribution.eu\/en\/amoula-nouba\/\" target=\"_blank\">Link<\/a><\/div><div><label><a class=\"embed-code-toggle\" href=\"#\"><strong>Embed<\/strong><\/a><\/label><\/div><div class=\"embed-code\"><label>Copy and paste this HTML code into your webpage to embed.<\/label><textarea><\/textarea><\/div><\/div>\n<\/div>\n[\/et_pb_code][\/et_pb_column][\/et_pb_row][et_pb_row use_custom_gutter=\u00a0\u00bbon\u00a0\u00bb gutter_width=\u00a0\u00bb1&Prime; _builder_version=\u00a0\u00bb4.21.0&Prime; _module_preset=\u00a0\u00bb_initial\u00a0\u00bb min_height=\u00a0\u00bb373.5px\u00a0\u00bb global_colors_info=\u00a0\u00bb{}\u00a0\u00bb][et_pb_column type=\u00a0\u00bb4_4&Prime; _builder_version=\u00a0\u00bb4.21.0&Prime; _module_preset=\u00a0\u00bbdefault\u00a0\u00bb global_colors_info=\u00a0\u00bb{}\u00a0\u00bb][et_pb_text _builder_version=\u00a0\u00bb4.21.0&Prime; _module_preset=\u00a0\u00bbdefault\u00a0\u00bb global_colors_info=\u00a0\u00bb{}\u00a0\u00bb]<\/p>\n<p style=\"text-align: center\"><strong>Synopsis :<\/strong>:\u00a0<span>This series follows Dr. Karim, a man who lost his memory years ago and has since lived with a modest family. He marries one of their daughters and becomes the father of a son. However, after an accident, his memory returns, and he recalls his past life, his family, and his first wife. Eager to reunite with them after years of absence, he faces numerous challenges \u2014 including the growing jealousy between his two wives.<\/span><\/p>\n<div><\/div>\n<p style=\"text-align: center\"><strong>Director<\/strong>: Samia Akriou<span>\u00a0\u00a0<\/span><span><\/span><\/p>\n<p style=\"text-align: center\"><strong>Country<\/strong>: Morocco<\/p>\n<p style=\"text-align: center\"><strong>Genre<\/strong>: Comedy<\/p>\n<p style=\"text-align: center\"><strong>Episodes <\/strong>: 30<\/p>\n<p style=\"text-align: center\"><strong>Duration<\/strong>: 30 min<\/p>\n<p style=\"text-align: center\"><strong>Language<\/strong>: Arabic<\/p>\n<p style=\"text-align: center\"><strong>Subtitles<\/strong>: Arabic, French, English, Spanish, Italian, German, Dutch<\/p>\n<p style=\"text-align: center\"><strong>Year of production<\/strong>: 2023<\/p>\n<p style=\"text-align: center\"><strong>Production<\/strong>: Ali&rsquo;n production<\/p>\n<p style=\"text-align: center\">[\/et_pb_text][\/et_pb_column][\/et_pb_row][\/et_pb_section]<\/p>","protected":false},"excerpt":{"rendered":"<p>Amoula Nouba R\u00e9alisateur: Samia Akriou<div id=\"wpfp_fa8d066094c0d25d0aded149d33a5410\" data-item=\"{&quot;sources&quot;:[{&quot;src&quot;:&quot;https:\\\/\\\/gawl.eu\\\/wp-content\\\/uploads\\\/sites\\\/41\\\/2024\\\/09\\\/A-Moula-Nouba-a-partir-du-mercredi-10-mai-22h-sur-Al-Aoula-1.mp4&quot;,&quot;type&quot;:&quot;video\\\/mp4&quot;}],&quot;id&quot;:&quot;3&quot;,&quot;splash&quot;:&quot;https:\\\/\\\/gawl.eu\\\/wp-content\\\/uploads\\\/sites\\\/41\\\/2024\\\/09\\\/gawl_amoula_nouba.jpg&quot;,&quot;subtitles&quot;:[{&quot;srclang&quot;:&quot;fr&quot;,&quot;label&quot;:&quot;Fran\\u00e7ais&quot;,&quot;src&quot;:&quot;https:\\\/\\\/gawl.eu\\\/wp-content\\\/uploads\\\/sites\\\/41\\\/2024\\\/09\\\/fr-fr-Amoula-Nouba.mp4.vtt&quot;,&quot;fv_default&quot;:true},{&quot;srclang&quot;:&quot;ar&quot;,&quot;label&quot;:&quot;\\u0627\\u0644\\u0639\\u0631\\u0628\\u064a\\u0629&quot;,&quot;src&quot;:&quot;https:\\\/\\\/gawl.eu\\\/wp-content\\\/uploads\\\/sites\\\/41\\\/2024\\\/09\\\/ar-fr-Amoula-Nouba.mp4_AR.vtt&quot;},{&quot;srclang&quot;:&quot;en&quot;,&quot;label&quot;:&quot;English&quot;,&quot;src&quot;:&quot;https:\\\/\\\/gawl.eu\\\/wp-content\\\/uploads\\\/sites\\\/41\\\/2024\\\/09\\\/en-us-fr-Amoula-Nouba.mp4_EN-US.vtt&quot;},{&quot;srclang&quot;:&quot;es&quot;,&quot;label&quot;:&quot;Espa\\u00f1ol&quot;,&quot;src&quot;:&quot;https:\\\/\\\/gawl.eu\\\/wp-content\\\/uploads\\\/sites\\\/41\\\/2024\\\/09\\\/sp-fr-Amoula-Nouba.mp4_SP.vtt&quot;},{&quot;srclang&quot;:&quot;it&quot;,&quot;label&quot;:&quot;Italiano&quot;,&quot;src&quot;:&quot;https:\\\/\\\/gawl.eu\\\/wp-content\\\/uploads\\\/sites\\\/41\\\/2024\\\/09\\\/it-fr-Amoula-Nouba.mp4_IT.vtt&quot;},{&quot;srclang&quot;:&quot;de&quot;,&quot;label&quot;:&quot;Deutsch&quot;,&quot;src&quot;:&quot;https:\\\/\\\/gawl.eu\\\/wp-content\\\/uploads\\\/sites\\\/41\\\/2024\\\/09\\\/de-fr-Amoula-Nouba.mp4_DE.vtt&quot;},{&quot;srclang&quot;:&quot;nl&quot;,&quot;label&quot;:&quot;Nederlands&quot;,&quot;src&quot;:&quot;https:\\\/\\\/gawl.eu\\\/wp-content\\\/uploads\\\/sites\\\/41\\\/2024\\\/09\\\/nl-fr-Amoula-Nouba.mp4_NL.vtt&quot;}]}\" class=\"flowplayer no-brand is-splash is-paused skin-slim no-svg fp-slim fp-edgy\" data-button-rewind=\"1\" data-fv-embed=\"https:\/\/gawl-distribution.eu\/en\/amoula-nouba\/fvp-3\/\" style=\"position:relative; max-width: 1920px; max-height: 1080px; \" data-ratio=\"0.5625\" itemprop=\"video\" itemscope=\"\" itemtype=\"http:\/\/schema.org\/VideoObject\" data-player-id=\"3\" data-fv_stats_data=\"{&quot;player_id&quot;:&quot;3&quot;,&quot;post_id&quot;:121}\" data-speedb=\"1\">\n\t<div class=\"fp-ratio\" style=\"padding-top: 56.25%\"><\/div>\n\t<img decoding=\"async\" class=\"fp-splash\" alt=\"video\" src=\"https:\/\/gawl.eu\/wp-content\/uploads\/sites\/41\/2024\/09\/gawl_amoula_nouba.jpg\" style=\"position:absolute;top:0;width:100%\" \/>\n\t<div class=\"fp-ui\"><noscript>Please enable JavaScript<\/noscript><div class=\"fp-play fp-visible\"><svg class=\"fp-play-sharp-fill\" xmlns=\"http:\/\/www.w3.org\/2000\/svg\" viewbox=\"0 0 100 100\"><defs><style>.fp-color-play{opacity:0.65;}.controlbutton{fill:#fff;}<\/style><\/defs><title>play-sharp-fill<\/title><path class=\"fp-color-play\" d=\"M49.9217-.078a50,50,0,1,0,50,50A50.0564,50.0564,0,0,0,49.9217-.078Z\"\/><polygon class=\"controlbutton\" points=\"73.601 50 37.968 70.573 37.968 29.427 73.601 50\" filter=\"url(#f1)\"\/><\/svg><\/div><div class=\"fp-preload\"><b><\/b><b><\/b><b><\/b><b><\/b><\/div><\/div>\n\n<meta itemprop=\"name\" content=\"Amoula Nouba\" \/>\r\n        <meta itemprop=\"description\" content=\"\" \/>\r\n        <meta itemprop=\"thumbnailUrl\" content=\"https:\/\/gawl.eu\/wp-content\/uploads\/sites\/41\/2024\/09\/gawl_amoula_nouba.jpg\" \/>\r\n        <meta itemprop=\"contentURL\" content=\"https:\/\/gawl-distribution.eu\/en\/amoula-nouba\/\" \/>\r\n        <meta itemprop=\"uploadDate\" content=\"2026-03-10T16:38:49+00:00\" \/>\n        <meta itemprop=\"duration\" content=\"PT1M4S\" \/>\n<div class='fvp-share-bar'><ul class=\"fvp-sharing\">\r\n    <li><a class=\"sharing-facebook\" href=\"https:\/\/www.facebook.com\/sharer\/sharer.php?u=https%3A%2F%2Fgawl-distribution.eu%2Fen%2Famoula-nouba%2F\" target=\"_blank\"><\/a><\/li>\r\n    <li><a class=\"sharing-twitter\" href=\"https:\/\/twitter.com\/intent\/tweet?text=GAWL+Distribution+&url=https%3A%2F%2Fgawl-distribution.eu%2Fen%2Famoula-nouba%2F\" target=\"_blank\"><\/a><\/li>\r\n    <li><a class=\"sharing-email\" href=\"mailto:?body=Check%20out%20the%20amazing%20video%20here%3A%20https%3A%2F%2Fgawl-distribution.eu%2Fen%2Famoula-nouba%2F\" target=\"_blank\"><\/a><\/li><\/ul><div><a class=\"sharing-link\" href=\"https:\/\/gawl-distribution.eu\/en\/amoula-nouba\/\" target=\"_blank\">Link<\/a><\/div><div><label><a class=\"embed-code-toggle\" href=\"#\"><strong>Embed<\/strong><\/a><\/label><\/div><div class=\"embed-code\"><label>Copy and paste this HTML code into your webpage to embed.<\/label><textarea><\/textarea><\/div><\/div>\n<\/div>\nSynopsis:\u00a0Cette s\u00e9rie suit le Dr Karim, un homme ayant perdu la m\u00e9moire il y a plusieurs ann\u00e9es et qui, depuis, vit au sein d&rsquo;une famille modeste. Il \u00e9pouse l&rsquo;une de leurs filles et devient p\u00e8re d&rsquo;un fils. Cependant, apr\u00e8s un accident, sa m\u00e9moire revient et il se souvient de sa [&hellip;]<\/p>","protected":false},"author":2,"featured_media":0,"parent":0,"menu_order":0,"comment_status":"closed","ping_status":"closed","template":"","meta":{"_et_pb_use_builder":"on","_et_pb_old_content":"","_et_gb_content_width":"","footnotes":""},"class_list":["post-121","page","type-page","status-publish","hentry"],"yoast_head":"<!-- This site is optimized with the Yoast SEO plugin v25.5 - https:\/\/yoast.com\/wordpress\/plugins\/seo\/ -->\n<title>Amoula Nouba - GAWL Distribution<\/title>\n<meta name=\"robots\" content=\"index, follow, max-snippet:-1, max-image-preview:large, max-video-preview:-1\" \/>\n<link rel=\"canonical\" href=\"https:\/\/gawl-distribution.eu\/en\/amoula-nouba\/\" \/>\n<meta property=\"og:locale\" content=\"en_GB\" \/>\n<meta property=\"og:type\" content=\"article\" \/>\n<meta property=\"og:title\" content=\"Amoula Nouba - GAWL Distribution\" \/>\n<meta property=\"og:description\" content=\"Amoula Nouba R\u00e9alisateur: Samia AkriouSynopsis:\u00a0Cette s\u00e9rie suit le Dr Karim, un homme ayant perdu la m\u00e9moire il y a plusieurs ann\u00e9es et qui, depuis, vit au sein d&#039;une famille modeste. Il \u00e9pouse l&#039;une de leurs filles et devient p\u00e8re d&#039;un fils. Cependant, apr\u00e8s un accident, sa m\u00e9moire revient et il se souvient de sa [&hellip;]\" \/>\n<meta property=\"og:url\" content=\"https:\/\/gawl-distribution.eu\/en\/amoula-nouba\/\" \/>\n<meta property=\"og:site_name\" content=\"GAWL Distribution\" \/>\n<meta property=\"article:modified_time\" content=\"2026-03-10T16:38:49+00:00\" \/>\n<meta name=\"twitter:card\" content=\"summary_large_image\" \/>\n<meta name=\"twitter:label1\" content=\"Estimated reading time\" \/>\n\t<meta name=\"twitter:data1\" content=\"2 minutes\" \/>\n<script type=\"application\/ld+json\" class=\"yoast-schema-graph\">{\"@context\":\"https:\/\/schema.org\",\"@graph\":[{\"@type\":\"WebPage\",\"@id\":\"https:\/\/gawl-distribution.eu\/amoula-nouba\/\",\"url\":\"https:\/\/gawl-distribution.eu\/amoula-nouba\/\",\"name\":\"Amoula Nouba - GAWL Distribution\",\"isPartOf\":{\"@id\":\"https:\/\/gawl-distribution.eu\/#website\"},\"datePublished\":\"2025-04-01T14:38:17+00:00\",\"dateModified\":\"2026-03-10T16:38:49+00:00\",\"breadcrumb\":{\"@id\":\"https:\/\/gawl-distribution.eu\/amoula-nouba\/#breadcrumb\"},\"inLanguage\":\"en-GB\",\"potentialAction\":[{\"@type\":\"ReadAction\",\"target\":[\"https:\/\/gawl-distribution.eu\/amoula-nouba\/\"]}]},{\"@type\":\"BreadcrumbList\",\"@id\":\"https:\/\/gawl-distribution.eu\/amoula-nouba\/#breadcrumb\",\"itemListElement\":[{\"@type\":\"ListItem\",\"position\":1,\"name\":\"Home\",\"item\":\"https:\/\/gawl-distribution.eu\/\"},{\"@type\":\"ListItem\",\"position\":2,\"name\":\"Amoula Nouba\"}]},{\"@type\":\"WebSite\",\"@id\":\"https:\/\/gawl-distribution.eu\/#website\",\"url\":\"https:\/\/gawl-distribution.eu\/\",\"name\":\"GAWL Distribution\",\"description\":\"\",\"potentialAction\":[{\"@type\":\"SearchAction\",\"target\":{\"@type\":\"EntryPoint\",\"urlTemplate\":\"https:\/\/gawl-distribution.eu\/?s={search_term_string}\"},\"query-input\":{\"@type\":\"PropertyValueSpecification\",\"valueRequired\":true,\"valueName\":\"search_term_string\"}}],\"inLanguage\":\"en-GB\"}]}<\/script>\n<!-- \/ Yoast SEO plugin. -->","yoast_head_json":{"title":"Amoula Nouba - GAWL Distribution","robots":{"index":"index","follow":"follow","max-snippet":"max-snippet:-1","max-image-preview":"max-image-preview:large","max-video-preview":"max-video-preview:-1"},"canonical":"https:\/\/gawl-distribution.eu\/en\/amoula-nouba\/","og_locale":"en_GB","og_type":"article","og_title":"Amoula Nouba - GAWL Distribution","og_description":"Amoula Nouba R\u00e9alisateur: Samia AkriouSynopsis:\u00a0Cette s\u00e9rie suit le Dr Karim, un homme ayant perdu la m\u00e9moire il y a plusieurs ann\u00e9es et qui, depuis, vit au sein d'une famille modeste. Il \u00e9pouse l'une de leurs filles et devient p\u00e8re d'un fils. Cependant, apr\u00e8s un accident, sa m\u00e9moire revient et il se souvient de sa [&hellip;]","og_url":"https:\/\/gawl-distribution.eu\/en\/amoula-nouba\/","og_site_name":"GAWL Distribution","article_modified_time":"2026-03-10T16:38:49+00:00","twitter_card":"summary_large_image","twitter_misc":{"Estimated reading time":"2 minutes"},"schema":{"@context":"https:\/\/schema.org","@graph":[{"@type":"WebPage","@id":"https:\/\/gawl-distribution.eu\/amoula-nouba\/","url":"https:\/\/gawl-distribution.eu\/amoula-nouba\/","name":"Amoula Nouba - GAWL Distribution","isPartOf":{"@id":"https:\/\/gawl-distribution.eu\/#website"},"datePublished":"2025-04-01T14:38:17+00:00","dateModified":"2026-03-10T16:38:49+00:00","breadcrumb":{"@id":"https:\/\/gawl-distribution.eu\/amoula-nouba\/#breadcrumb"},"inLanguage":"en-GB","potentialAction":[{"@type":"ReadAction","target":["https:\/\/gawl-distribution.eu\/amoula-nouba\/"]}]},{"@type":"BreadcrumbList","@id":"https:\/\/gawl-distribution.eu\/amoula-nouba\/#breadcrumb","itemListElement":[{"@type":"ListItem","position":1,"name":"Home","item":"https:\/\/gawl-distribution.eu\/"},{"@type":"ListItem","position":2,"name":"Amoula Nouba"}]},{"@type":"WebSite","@id":"https:\/\/gawl-distribution.eu\/#website","url":"https:\/\/gawl-distribution.eu\/","name":"GAWL Distribution","description":"","potentialAction":[{"@type":"SearchAction","target":{"@type":"EntryPoint","urlTemplate":"https:\/\/gawl-distribution.eu\/?s={search_term_string}"},"query-input":{"@type":"PropertyValueSpecification","valueRequired":true,"valueName":"search_term_string"}}],"inLanguage":"en-GB"}]}},"_links":{"self":[{"href":"https:\/\/gawl-distribution.eu\/en\/wp-json\/wp\/v2\/pages\/121","targetHints":{"allow":["GET"]}}],"collection":[{"href":"https:\/\/gawl-distribution.eu\/en\/wp-json\/wp\/v2\/pages"}],"about":[{"href":"https:\/\/gawl-distribution.eu\/en\/wp-json\/wp\/v2\/types\/page"}],"author":[{"embeddable":true,"href":"https:\/\/gawl-distribution.eu\/en\/wp-json\/wp\/v2\/users\/2"}],"replies":[{"embeddable":true,"href":"https:\/\/gawl-distribution.eu\/en\/wp-json\/wp\/v2\/comments?post=121"}],"version-history":[{"count":0,"href":"https:\/\/gawl-distribution.eu\/en\/wp-json\/wp\/v2\/pages\/121\/revisions"}],"wp:attachment":[{"href":"https:\/\/gawl-distribution.eu\/en\/wp-json\/wp\/v2\/media?parent=121"}],"curies":[{"name":"wp","href":"https:\/\/api.w.org\/{rel}","templated":true}]}}