{"id":125,"date":"2025-04-01T14:37:36","date_gmt":"2025-04-01T14:37:36","guid":{"rendered":"https:\/\/gawl-distribution.eu\/?page_id=125"},"modified":"2026-03-10T16:38:49","modified_gmt":"2026-03-10T16:38:49","slug":"aam-o-nhar","status":"publish","type":"page","link":"https:\/\/gawl-distribution.eu\/en\/aam-o-nhar\/","title":{"rendered":"Aam O Nhar"},"content":{"rendered":"<p>[et_pb_section fb_built=\u00a0\u00bb1&Prime; _builder_version=\u00a0\u00bb4.21.0&Prime; _module_preset=\u00a0\u00bbdefault\u00a0\u00bb global_colors_info=\u00a0\u00bb{}\u00a0\u00bb][et_pb_row use_custom_gutter=\u00a0\u00bbon\u00a0\u00bb gutter_width=\u00a0\u00bb1&Prime; _builder_version=\u00a0\u00bb4.21.0&Prime; _module_preset=\u00a0\u00bb_initial\u00a0\u00bb global_colors_info=\u00a0\u00bb{}\u00a0\u00bb][et_pb_column type=\u00a0\u00bb4_4&Prime; _builder_version=\u00a0\u00bb4.21.0&Prime; _module_preset=\u00a0\u00bbdefault\u00a0\u00bb global_colors_info=\u00a0\u00bb{}\u00a0\u00bb][et_pb_text _builder_version=\u00a0\u00bb4.21.0&Prime; _module_preset=\u00a0\u00bbdefault\u00a0\u00bb text_font_size=\u00a0\u00bb13px\u00a0\u00bb header_font_size=\u00a0\u00bb48px\u00a0\u00bb global_colors_info=\u00a0\u00bb{}\u00a0\u00bb]<\/p>\n<h1 style=\"text-align: center\"><strong>Aam o Nhar<\/strong><\/h1>\n<h3 style=\"text-align: center\"><strong><span><\/span><\/strong><\/h3>\n<h3 style=\"text-align: center\"><strong><span><\/span><\/strong><\/h3>\n<h3 style=\"text-align: center\"><strong><span><\/span><\/strong><\/h3>\n<h3 style=\"text-align: center\"><strong><span><\/span><\/strong><\/h3>\n<h3 style=\"text-align: center\"><strong><span>Director: Ayoub Lahnoud \u00a0<\/span><span><\/span><\/strong><\/h3>\n<p>[\/et_pb_text][\/et_pb_column][\/et_pb_row][et_pb_row use_custom_gutter=\u00a0\u00bbon\u00a0\u00bb gutter_width=\u00a0\u00bb1&Prime; _builder_version=\u00a0\u00bb4.21.0&Prime; _module_preset=\u00a0\u00bb_initial\u00a0\u00bb global_colors_info=\u00a0\u00bb{}\u00a0\u00bb][et_pb_column type=\u00a0\u00bb4_4&Prime; _builder_version=\u00a0\u00bb4.21.0&Prime; _module_preset=\u00a0\u00bbdefault\u00a0\u00bb global_colors_info=\u00a0\u00bb{}\u00a0\u00bb][et_pb_code _builder_version=\u00a0\u00bb4.27.4&Prime; _module_preset=\u00a0\u00bbdefault\u00a0\u00bb hover_enabled=\u00a0\u00bb0&Prime; global_colors_info=\u00a0\u00bb{}\u00a0\u00bb sticky_enabled=\u00a0\u00bb0&Prime;]<div id=\"wpfp_14c192ff89e8d35f42fdf0021b25294b\" data-item=\"{&quot;sources&quot;:[{&quot;src&quot;:&quot;https:\\\/\\\/gawl.eu\\\/wp-content\\\/uploads\\\/sites\\\/41\\\/2024\\\/09\\\/Aam_we_Nhar.mp4&quot;,&quot;type&quot;:&quot;video\\\/mp4&quot;}],&quot;id&quot;:&quot;7&quot;,&quot;splash&quot;:&quot;https:\\\/\\\/gawl.eu\\\/wp-content\\\/uploads\\\/sites\\\/41\\\/2024\\\/09\\\/Aam_o_Nhar_thumbnail.jpg&quot;,&quot;subtitles&quot;:[{&quot;srclang&quot;:&quot;fr&quot;,&quot;label&quot;:&quot;Fran\\u00e7ais&quot;,&quot;src&quot;:&quot;https:\\\/\\\/gawl.eu\\\/wp-content\\\/uploads\\\/sites\\\/41\\\/2024\\\/10\\\/fr-Aam-we-Nhar.mp4.vtt&quot;,&quot;fv_default&quot;:true},{&quot;srclang&quot;:&quot;ar&quot;,&quot;label&quot;:&quot;\\u0627\\u0644\\u0639\\u0631\\u0628\\u064a\\u0629&quot;,&quot;src&quot;:&quot;https:\\\/\\\/gawl.eu\\\/wp-content\\\/uploads\\\/sites\\\/41\\\/2024\\\/09\\\/ar-fr-Aam-we-Nhar.mp4_AR.vtt&quot;},{&quot;srclang&quot;:&quot;es&quot;,&quot;label&quot;:&quot;Espa\\u00f1ol&quot;,&quot;src&quot;:&quot;https:\\\/\\\/gawl.eu\\\/wp-content\\\/uploads\\\/sites\\\/41\\\/2024\\\/09\\\/sp-fr-Aam-we-Nhar.mp4_SP.vtt&quot;},{&quot;srclang&quot;:&quot;it&quot;,&quot;label&quot;:&quot;Italiano&quot;,&quot;src&quot;:&quot;https:\\\/\\\/gawl.eu\\\/wp-content\\\/uploads\\\/sites\\\/41\\\/2024\\\/09\\\/it-fr-Aam-we-Nhar.mp4_IT.vtt&quot;},{&quot;srclang&quot;:&quot;en&quot;,&quot;label&quot;:&quot;English&quot;,&quot;src&quot;:&quot;https:\\\/\\\/gawl.eu\\\/wp-content\\\/uploads\\\/sites\\\/41\\\/2024\\\/09\\\/en-us-fr-Aam-we-Nhar.mp4_EN-US.vtt&quot;},{&quot;srclang&quot;:&quot;de&quot;,&quot;label&quot;:&quot;Deutsch&quot;,&quot;src&quot;:&quot;https:\\\/\\\/gawl.eu\\\/wp-content\\\/uploads\\\/sites\\\/41\\\/2024\\\/09\\\/de-fr-Aam-we-Nhar.mp4_DE.vtt&quot;},{&quot;srclang&quot;:&quot;nl&quot;,&quot;label&quot;:&quot;Nederlands&quot;,&quot;src&quot;:&quot;https:\\\/\\\/gawl.eu\\\/wp-content\\\/uploads\\\/sites\\\/41\\\/2024\\\/09\\\/nl-fr-Aam-we-Nhar.mp4_NL.vtt&quot;}]}\" class=\"flowplayer no-brand is-splash is-paused skin-slim no-svg fp-slim fp-edgy\" data-button-rewind=\"1\" data-fv-embed=\"https:\/\/gawl-distribution.eu\/en\/aam-o-nhar\/fvp-7\/\" style=\"position:relative; max-width: 1920px; max-height: 1080px; \" data-ratio=\"0.5625\" itemprop=\"video\" itemscope=\"\" itemtype=\"http:\/\/schema.org\/VideoObject\" data-player-id=\"7\" data-fv_stats_data=\"{&quot;player_id&quot;:&quot;7&quot;,&quot;post_id&quot;:125}\" data-speedb=\"1\">\n\t<div class=\"fp-ratio\" style=\"padding-top: 56.25%\"><\/div>\n\t<img decoding=\"async\" class=\"fp-splash\" alt=\"video\" src=\"https:\/\/gawl.eu\/wp-content\/uploads\/sites\/41\/2024\/09\/Aam_o_Nhar_thumbnail.jpg\" style=\"position:absolute;top:0;width:100%\" \/>\n\t<div class=\"fp-ui\"><noscript>Please enable JavaScript<\/noscript><div class=\"fp-play fp-visible\"><svg class=\"fp-play-sharp-fill\" xmlns=\"http:\/\/www.w3.org\/2000\/svg\" viewbox=\"0 0 100 100\"><defs><style>.fp-color-play{opacity:0.65;}.controlbutton{fill:#fff;}<\/style><\/defs><title>play-sharp-fill<\/title><path class=\"fp-color-play\" d=\"M49.9217-.078a50,50,0,1,0,50,50A50.0564,50.0564,0,0,0,49.9217-.078Z\"\/><polygon class=\"controlbutton\" points=\"73.601 50 37.968 70.573 37.968 29.427 73.601 50\" filter=\"url(#f1)\"\/><\/svg><\/div><div class=\"fp-preload\"><b><\/b><b><\/b><b><\/b><b><\/b><\/div><\/div>\n\n<meta itemprop=\"name\" content=\"Aam O Nhar\" \/>\r\n        <meta itemprop=\"description\" content=\"[et_pb_section fb_built=&quot;1&quot; _builder_version=&quot;4.21.0&quot; _module_preset=&quot;default&quot; global_colors_info=&quot;{}&quot;][et_pb_row use_custom_gutter=&quot;on&quot; gutter_width=&quot;1&quot; _builder_version=&quot;4.21.0&quot; _module_preset=&quot;_initial&quot; global_colors_info=&quot;{}&quot;][et_pb_column type=&quot;4_4&quot; _builder_version=&quot;4.21.0&quot; _module_preset=&quot;default&quot; global_colors_info=&quot;{}&quot;][et_pb_text _builder_version=&quot;4.21.0&quot; _module_preset=&quot;default&quot; text_font_size=&quot;13px&quot; header_font_size=&quot;48px&quot; global_colors_info=&quot;{}&quot;]Aam o Nhar R\u00e9alisateur: Ayoub Lahnoud \u00a0[\/et_pb_text][\/et_pb_column][\/et_pb_row][et_pb_row use_custom_gutter=&quot;on&quot; gutter_width=&quot;1&quot; _builder_version=&quot;4.21.0&quot; _module_preset=&quot;_initial&quot; global_colors_info=&quot;{}&quot;][et_pb_column&hellip;\" \/>\r\n        <meta itemprop=\"thumbnailUrl\" content=\"https:\/\/gawl.eu\/wp-content\/uploads\/sites\/41\/2024\/09\/Aam_o_Nhar_thumbnail.jpg\" \/>\r\n        <meta itemprop=\"contentURL\" content=\"https:\/\/gawl-distribution.eu\/en\/aam-o-nhar\/\" \/>\r\n        <meta itemprop=\"uploadDate\" content=\"2026-03-10T16:38:49+00:00\" \/>\n<div class='fvp-share-bar'><ul class=\"fvp-sharing\">\r\n    <li><a class=\"sharing-facebook\" href=\"https:\/\/www.facebook.com\/sharer\/sharer.php?u=https%3A%2F%2Fgawl-distribution.eu%2Fen%2Faam-o-nhar%2F\" target=\"_blank\"><\/a><\/li>\r\n    <li><a class=\"sharing-twitter\" href=\"https:\/\/twitter.com\/intent\/tweet?text=GAWL+Distribution+&url=https%3A%2F%2Fgawl-distribution.eu%2Fen%2Faam-o-nhar%2F\" target=\"_blank\"><\/a><\/li>\r\n    <li><a class=\"sharing-email\" href=\"mailto:?body=Check%20out%20the%20amazing%20video%20here%3A%20https%3A%2F%2Fgawl-distribution.eu%2Fen%2Faam-o-nhar%2F\" target=\"_blank\"><\/a><\/li><\/ul><div><a class=\"sharing-link\" href=\"https:\/\/gawl-distribution.eu\/en\/aam-o-nhar\/\" target=\"_blank\">Link<\/a><\/div><div><label><a class=\"embed-code-toggle\" href=\"#\"><strong>Embed<\/strong><\/a><\/label><\/div><div class=\"embed-code\"><label>Copy and paste this HTML code into your webpage to embed.<\/label><textarea><\/textarea><\/div><\/div>\n<\/div>\n[\/et_pb_code][\/et_pb_column][\/et_pb_row][et_pb_row use_custom_gutter=\u00a0\u00bbon\u00a0\u00bb gutter_width=\u00a0\u00bb1&Prime; _builder_version=\u00a0\u00bb4.21.0&Prime; _module_preset=\u00a0\u00bb_initial\u00a0\u00bb min_height=\u00a0\u00bb373.5px\u00a0\u00bb global_colors_info=\u00a0\u00bb{}\u00a0\u00bb][et_pb_column type=\u00a0\u00bb4_4&Prime; _builder_version=\u00a0\u00bb4.21.0&Prime; _module_preset=\u00a0\u00bbdefault\u00a0\u00bb global_colors_info=\u00a0\u00bb{}\u00a0\u00bb][et_pb_text _builder_version=\u00a0\u00bb4.21.0&Prime; _module_preset=\u00a0\u00bbdefault\u00a0\u00bb global_colors_info=\u00a0\u00bb{}\u00a0\u00bb]<\/p>\n<p style=\"text-align: center\"><strong>Synopsis :<\/strong>: <span>Facing the threat of losing custody of her son, Noura secretly marries the man she loves. Together, they struggle to keep their union hidden.<\/span><\/p>\n<p style=\"text-align: center\"><strong>Director<\/strong>: Ayoub Lahnoud<\/p>\n<p style=\"text-align: center\"><strong>Country<\/strong>: Morocco<\/p>\n<p style=\"text-align: center\"><strong>Genre<\/strong>: Drama<\/p>\n<p style=\"text-align: center\"><strong>Episodes <\/strong>: 30<\/p>\n<p style=\"text-align: center\"><strong>Duration<\/strong>: 30 min<\/p>\n<p style=\"text-align: center\"><strong>Language<\/strong>: Arabic<\/p>\n<p style=\"text-align: center\"><strong>Subtitles<\/strong>: Arabic, French, English, Spanish, Italian, German, Dutch<\/p>\n<p style=\"text-align: center\"><strong>Year of production<\/strong>: 2024<\/p>\n<p style=\"text-align: center\"><strong>Production<\/strong>: Ali&rsquo;n production<\/p>\n<p style=\"text-align: center\">[\/et_pb_text][\/et_pb_column][\/et_pb_row][\/et_pb_section]<\/p>","protected":false},"excerpt":{"rendered":"<p>Aam o Nhar R\u00e9alisateur: Ayoub Lahnoud \u00a0<div id=\"wpfp_77ba8e6b72dde0904c850cba835bd5bb\" data-item=\"{&quot;sources&quot;:[{&quot;src&quot;:&quot;https:\\\/\\\/gawl.eu\\\/wp-content\\\/uploads\\\/sites\\\/41\\\/2024\\\/09\\\/Aam_we_Nhar.mp4&quot;,&quot;type&quot;:&quot;video\\\/mp4&quot;}],&quot;id&quot;:&quot;7&quot;,&quot;splash&quot;:&quot;https:\\\/\\\/gawl.eu\\\/wp-content\\\/uploads\\\/sites\\\/41\\\/2024\\\/09\\\/Aam_o_Nhar_thumbnail.jpg&quot;,&quot;subtitles&quot;:[{&quot;srclang&quot;:&quot;fr&quot;,&quot;label&quot;:&quot;Fran\\u00e7ais&quot;,&quot;src&quot;:&quot;https:\\\/\\\/gawl.eu\\\/wp-content\\\/uploads\\\/sites\\\/41\\\/2024\\\/10\\\/fr-Aam-we-Nhar.mp4.vtt&quot;,&quot;fv_default&quot;:true},{&quot;srclang&quot;:&quot;ar&quot;,&quot;label&quot;:&quot;\\u0627\\u0644\\u0639\\u0631\\u0628\\u064a\\u0629&quot;,&quot;src&quot;:&quot;https:\\\/\\\/gawl.eu\\\/wp-content\\\/uploads\\\/sites\\\/41\\\/2024\\\/09\\\/ar-fr-Aam-we-Nhar.mp4_AR.vtt&quot;},{&quot;srclang&quot;:&quot;es&quot;,&quot;label&quot;:&quot;Espa\\u00f1ol&quot;,&quot;src&quot;:&quot;https:\\\/\\\/gawl.eu\\\/wp-content\\\/uploads\\\/sites\\\/41\\\/2024\\\/09\\\/sp-fr-Aam-we-Nhar.mp4_SP.vtt&quot;},{&quot;srclang&quot;:&quot;it&quot;,&quot;label&quot;:&quot;Italiano&quot;,&quot;src&quot;:&quot;https:\\\/\\\/gawl.eu\\\/wp-content\\\/uploads\\\/sites\\\/41\\\/2024\\\/09\\\/it-fr-Aam-we-Nhar.mp4_IT.vtt&quot;},{&quot;srclang&quot;:&quot;en&quot;,&quot;label&quot;:&quot;English&quot;,&quot;src&quot;:&quot;https:\\\/\\\/gawl.eu\\\/wp-content\\\/uploads\\\/sites\\\/41\\\/2024\\\/09\\\/en-us-fr-Aam-we-Nhar.mp4_EN-US.vtt&quot;},{&quot;srclang&quot;:&quot;de&quot;,&quot;label&quot;:&quot;Deutsch&quot;,&quot;src&quot;:&quot;https:\\\/\\\/gawl.eu\\\/wp-content\\\/uploads\\\/sites\\\/41\\\/2024\\\/09\\\/de-fr-Aam-we-Nhar.mp4_DE.vtt&quot;},{&quot;srclang&quot;:&quot;nl&quot;,&quot;label&quot;:&quot;Nederlands&quot;,&quot;src&quot;:&quot;https:\\\/\\\/gawl.eu\\\/wp-content\\\/uploads\\\/sites\\\/41\\\/2024\\\/09\\\/nl-fr-Aam-we-Nhar.mp4_NL.vtt&quot;}]}\" class=\"flowplayer no-brand is-splash is-paused skin-slim no-svg fp-slim fp-edgy\" data-button-rewind=\"1\" data-fv-embed=\"https:\/\/gawl-distribution.eu\/en\/aam-o-nhar\/fvp-7\/\" style=\"position:relative; max-width: 1920px; max-height: 1080px; \" data-ratio=\"0.5625\" itemprop=\"video\" itemscope=\"\" itemtype=\"http:\/\/schema.org\/VideoObject\" data-player-id=\"7\" data-fv_stats_data=\"{&quot;player_id&quot;:&quot;7&quot;,&quot;post_id&quot;:125}\" data-speedb=\"1\">\n\t<div class=\"fp-ratio\" style=\"padding-top: 56.25%\"><\/div>\n\t<img decoding=\"async\" class=\"fp-splash\" alt=\"video\" src=\"https:\/\/gawl.eu\/wp-content\/uploads\/sites\/41\/2024\/09\/Aam_o_Nhar_thumbnail.jpg\" style=\"position:absolute;top:0;width:100%\" \/>\n\t<div class=\"fp-ui\"><noscript>Please enable JavaScript<\/noscript><div class=\"fp-play fp-visible\"><svg class=\"fp-play-sharp-fill\" xmlns=\"http:\/\/www.w3.org\/2000\/svg\" viewbox=\"0 0 100 100\"><defs><style>.fp-color-play{opacity:0.65;}.controlbutton{fill:#fff;}<\/style><\/defs><title>play-sharp-fill<\/title><path class=\"fp-color-play\" d=\"M49.9217-.078a50,50,0,1,0,50,50A50.0564,50.0564,0,0,0,49.9217-.078Z\"\/><polygon class=\"controlbutton\" points=\"73.601 50 37.968 70.573 37.968 29.427 73.601 50\" filter=\"url(#f1)\"\/><\/svg><\/div><div class=\"fp-preload\"><b><\/b><b><\/b><b><\/b><b><\/b><\/div><\/div>\n\n<meta itemprop=\"name\" content=\"Aam O Nhar\" \/>\r\n        <meta itemprop=\"description\" content=\"\" \/>\r\n        <meta itemprop=\"thumbnailUrl\" content=\"https:\/\/gawl.eu\/wp-content\/uploads\/sites\/41\/2024\/09\/Aam_o_Nhar_thumbnail.jpg\" \/>\r\n        <meta itemprop=\"contentURL\" content=\"https:\/\/gawl-distribution.eu\/en\/aam-o-nhar\/\" \/>\r\n        <meta itemprop=\"uploadDate\" content=\"2026-03-10T16:38:49+00:00\" \/>\n<div class='fvp-share-bar'><ul class=\"fvp-sharing\">\r\n    <li><a class=\"sharing-facebook\" href=\"https:\/\/www.facebook.com\/sharer\/sharer.php?u=https%3A%2F%2Fgawl-distribution.eu%2Fen%2Faam-o-nhar%2F\" target=\"_blank\"><\/a><\/li>\r\n    <li><a class=\"sharing-twitter\" href=\"https:\/\/twitter.com\/intent\/tweet?text=GAWL+Distribution+&url=https%3A%2F%2Fgawl-distribution.eu%2Fen%2Faam-o-nhar%2F\" target=\"_blank\"><\/a><\/li>\r\n    <li><a class=\"sharing-email\" href=\"mailto:?body=Check%20out%20the%20amazing%20video%20here%3A%20https%3A%2F%2Fgawl-distribution.eu%2Fen%2Faam-o-nhar%2F\" target=\"_blank\"><\/a><\/li><\/ul><div><a class=\"sharing-link\" href=\"https:\/\/gawl-distribution.eu\/en\/aam-o-nhar\/\" target=\"_blank\">Link<\/a><\/div><div><label><a class=\"embed-code-toggle\" href=\"#\"><strong>Embed<\/strong><\/a><\/label><\/div><div class=\"embed-code\"><label>Copy and paste this HTML code into your webpage to embed.<\/label><textarea><\/textarea><\/div><\/div>\n<\/div>\nSynopsis: Menac\u00e9e de perdre la garde de son fils, Noura \u00e9pouse en secret l&rsquo;homme qu&rsquo;elle aime. Ensemble, ils s&rsquo;efforcent de maintenir leur union secr\u00e8te. R\u00e9alisation: Ayoub Lahnoud Pays: Maroc Genre: Drame Nombres d&rsquo;\u00e9pisodes : 30 Dur\u00e9e: 30 min Langue: Arabe Sous-titres: Arabe, Fran\u00e7ais, Anglais, Espagnol, Italien, Allemand, N\u00e9erlandais [&hellip;]<\/p>","protected":false},"author":1,"featured_media":0,"parent":0,"menu_order":0,"comment_status":"closed","ping_status":"closed","template":"","meta":{"_et_pb_use_builder":"on","_et_pb_old_content":"","_et_gb_content_width":"","footnotes":""},"class_list":["post-125","page","type-page","status-publish","hentry"],"yoast_head":"<!-- This site is optimized with the Yoast SEO plugin v25.5 - https:\/\/yoast.com\/wordpress\/plugins\/seo\/ -->\n<title>Aam O Nhar - GAWL Distribution<\/title>\n<meta name=\"robots\" content=\"index, follow, max-snippet:-1, max-image-preview:large, max-video-preview:-1\" \/>\n<link rel=\"canonical\" href=\"https:\/\/gawl-distribution.eu\/en\/aam-o-nhar\/\" \/>\n<meta property=\"og:locale\" content=\"en_GB\" \/>\n<meta property=\"og:type\" content=\"article\" \/>\n<meta property=\"og:title\" content=\"Aam O Nhar - GAWL Distribution\" \/>\n<meta property=\"og:description\" content=\"Aam o Nhar R\u00e9alisateur: Ayoub Lahnoud \u00a0Synopsis: Menac\u00e9e de perdre la garde de son fils, Noura \u00e9pouse en secret l&#039;homme qu&#039;elle aime. Ensemble, ils s&#039;efforcent de maintenir leur union secr\u00e8te. R\u00e9alisation: Ayoub Lahnoud Pays: Maroc Genre: Drame Nombres d&#039;\u00e9pisodes : 30 Dur\u00e9e: 30 min Langue: Arabe Sous-titres: Arabe, Fran\u00e7ais, Anglais, Espagnol, Italien, Allemand, N\u00e9erlandais [&hellip;]\" \/>\n<meta property=\"og:url\" content=\"https:\/\/gawl-distribution.eu\/en\/aam-o-nhar\/\" \/>\n<meta property=\"og:site_name\" content=\"GAWL Distribution\" \/>\n<meta property=\"article:modified_time\" content=\"2026-03-10T16:38:49+00:00\" \/>\n<meta name=\"twitter:card\" content=\"summary_large_image\" \/>\n<meta name=\"twitter:label1\" content=\"Estimated reading time\" \/>\n\t<meta name=\"twitter:data1\" content=\"1 minute\" \/>\n<script type=\"application\/ld+json\" class=\"yoast-schema-graph\">{\"@context\":\"https:\/\/schema.org\",\"@graph\":[{\"@type\":\"WebPage\",\"@id\":\"https:\/\/gawl-distribution.eu\/aam-o-nhar\/\",\"url\":\"https:\/\/gawl-distribution.eu\/aam-o-nhar\/\",\"name\":\"Aam O Nhar - GAWL Distribution\",\"isPartOf\":{\"@id\":\"https:\/\/gawl-distribution.eu\/#website\"},\"datePublished\":\"2025-04-01T14:37:36+00:00\",\"dateModified\":\"2026-03-10T16:38:49+00:00\",\"breadcrumb\":{\"@id\":\"https:\/\/gawl-distribution.eu\/aam-o-nhar\/#breadcrumb\"},\"inLanguage\":\"en-GB\",\"potentialAction\":[{\"@type\":\"ReadAction\",\"target\":[\"https:\/\/gawl-distribution.eu\/aam-o-nhar\/\"]}]},{\"@type\":\"BreadcrumbList\",\"@id\":\"https:\/\/gawl-distribution.eu\/aam-o-nhar\/#breadcrumb\",\"itemListElement\":[{\"@type\":\"ListItem\",\"position\":1,\"name\":\"Home\",\"item\":\"https:\/\/gawl-distribution.eu\/\"},{\"@type\":\"ListItem\",\"position\":2,\"name\":\"Aam O Nhar\"}]},{\"@type\":\"WebSite\",\"@id\":\"https:\/\/gawl-distribution.eu\/#website\",\"url\":\"https:\/\/gawl-distribution.eu\/\",\"name\":\"GAWL Distribution\",\"description\":\"\",\"potentialAction\":[{\"@type\":\"SearchAction\",\"target\":{\"@type\":\"EntryPoint\",\"urlTemplate\":\"https:\/\/gawl-distribution.eu\/?s={search_term_string}\"},\"query-input\":{\"@type\":\"PropertyValueSpecification\",\"valueRequired\":true,\"valueName\":\"search_term_string\"}}],\"inLanguage\":\"en-GB\"}]}<\/script>\n<!-- \/ Yoast SEO plugin. -->","yoast_head_json":{"title":"Aam O Nhar - GAWL Distribution","robots":{"index":"index","follow":"follow","max-snippet":"max-snippet:-1","max-image-preview":"max-image-preview:large","max-video-preview":"max-video-preview:-1"},"canonical":"https:\/\/gawl-distribution.eu\/en\/aam-o-nhar\/","og_locale":"en_GB","og_type":"article","og_title":"Aam O Nhar - GAWL Distribution","og_description":"Aam o Nhar R\u00e9alisateur: Ayoub Lahnoud \u00a0Synopsis: Menac\u00e9e de perdre la garde de son fils, Noura \u00e9pouse en secret l'homme qu'elle aime. Ensemble, ils s'efforcent de maintenir leur union secr\u00e8te. R\u00e9alisation: Ayoub Lahnoud Pays: Maroc Genre: Drame Nombres d'\u00e9pisodes : 30 Dur\u00e9e: 30 min Langue: Arabe Sous-titres: Arabe, Fran\u00e7ais, Anglais, Espagnol, Italien, Allemand, N\u00e9erlandais [&hellip;]","og_url":"https:\/\/gawl-distribution.eu\/en\/aam-o-nhar\/","og_site_name":"GAWL Distribution","article_modified_time":"2026-03-10T16:38:49+00:00","twitter_card":"summary_large_image","twitter_misc":{"Estimated reading time":"1 minute"},"schema":{"@context":"https:\/\/schema.org","@graph":[{"@type":"WebPage","@id":"https:\/\/gawl-distribution.eu\/aam-o-nhar\/","url":"https:\/\/gawl-distribution.eu\/aam-o-nhar\/","name":"Aam O Nhar - GAWL Distribution","isPartOf":{"@id":"https:\/\/gawl-distribution.eu\/#website"},"datePublished":"2025-04-01T14:37:36+00:00","dateModified":"2026-03-10T16:38:49+00:00","breadcrumb":{"@id":"https:\/\/gawl-distribution.eu\/aam-o-nhar\/#breadcrumb"},"inLanguage":"en-GB","potentialAction":[{"@type":"ReadAction","target":["https:\/\/gawl-distribution.eu\/aam-o-nhar\/"]}]},{"@type":"BreadcrumbList","@id":"https:\/\/gawl-distribution.eu\/aam-o-nhar\/#breadcrumb","itemListElement":[{"@type":"ListItem","position":1,"name":"Home","item":"https:\/\/gawl-distribution.eu\/"},{"@type":"ListItem","position":2,"name":"Aam O Nhar"}]},{"@type":"WebSite","@id":"https:\/\/gawl-distribution.eu\/#website","url":"https:\/\/gawl-distribution.eu\/","name":"GAWL Distribution","description":"","potentialAction":[{"@type":"SearchAction","target":{"@type":"EntryPoint","urlTemplate":"https:\/\/gawl-distribution.eu\/?s={search_term_string}"},"query-input":{"@type":"PropertyValueSpecification","valueRequired":true,"valueName":"search_term_string"}}],"inLanguage":"en-GB"}]}},"_links":{"self":[{"href":"https:\/\/gawl-distribution.eu\/en\/wp-json\/wp\/v2\/pages\/125","targetHints":{"allow":["GET"]}}],"collection":[{"href":"https:\/\/gawl-distribution.eu\/en\/wp-json\/wp\/v2\/pages"}],"about":[{"href":"https:\/\/gawl-distribution.eu\/en\/wp-json\/wp\/v2\/types\/page"}],"author":[{"embeddable":true,"href":"https:\/\/gawl-distribution.eu\/en\/wp-json\/wp\/v2\/users\/1"}],"replies":[{"embeddable":true,"href":"https:\/\/gawl-distribution.eu\/en\/wp-json\/wp\/v2\/comments?post=125"}],"version-history":[{"count":0,"href":"https:\/\/gawl-distribution.eu\/en\/wp-json\/wp\/v2\/pages\/125\/revisions"}],"wp:attachment":[{"href":"https:\/\/gawl-distribution.eu\/en\/wp-json\/wp\/v2\/media?parent=125"}],"curies":[{"name":"wp","href":"https:\/\/api.w.org\/{rel}","templated":true}]}}