{"id":135,"date":"2025-04-01T14:36:54","date_gmt":"2025-04-01T14:36:54","guid":{"rendered":"https:\/\/gawl-distribution.eu\/?page_id=135"},"modified":"2026-03-10T16:38:49","modified_gmt":"2026-03-10T16:38:49","slug":"a-nose-and-three-eyes","status":"publish","type":"page","link":"https:\/\/gawl-distribution.eu\/en\/a-nose-and-three-eyes\/","title":{"rendered":"A Nose And Three Eyes"},"content":{"rendered":"<p>[et_pb_section fb_built=\u00a0\u00bb1&Prime; _builder_version=\u00a0\u00bb4.21.0&Prime; _module_preset=\u00a0\u00bbdefault\u00a0\u00bb global_colors_info=\u00a0\u00bb{}\u00a0\u00bb][et_pb_row use_custom_gutter=\u00a0\u00bbon\u00a0\u00bb gutter_width=\u00a0\u00bb1&Prime; _builder_version=\u00a0\u00bb4.21.0&Prime; _module_preset=\u00a0\u00bb_initial\u00a0\u00bb global_colors_info=\u00a0\u00bb{}\u00a0\u00bb][et_pb_column type=\u00a0\u00bb4_4&Prime; _builder_version=\u00a0\u00bb4.21.0&Prime; _module_preset=\u00a0\u00bbdefault\u00a0\u00bb global_colors_info=\u00a0\u00bb{}\u00a0\u00bb][et_pb_text _builder_version=\u00a0\u00bb4.21.0&Prime; _module_preset=\u00a0\u00bbdefault\u00a0\u00bb text_font_size=\u00a0\u00bb13px\u00a0\u00bb header_font_size=\u00a0\u00bb48px\u00a0\u00bb global_colors_info=\u00a0\u00bb{}\u00a0\u00bb]<\/p>\n<h1 style=\"text-align: center\"><strong><span dir=\"rtl\">A Nose And Three Eyes<br \/><\/span><\/strong><\/h1>\n<h1 style=\"text-align: center\"><strong>\u00a0<br \/><\/strong><span style=\"font-size: x-large\"><strong>Director: Amir Ramses<\/strong><\/span><span style=\"font-family: inherit;font-weight: normal;font-size: large\"><strong><span style=\"color: #000000\"><\/span><\/strong><\/span><strong><span><\/span><\/strong><strong><span><\/span><\/strong><\/h1>\n<h3 style=\"text-align: center\"><strong><span><\/span><\/strong><\/h3>\n<h3 style=\"text-align: center\"><strong><span><\/span><\/strong><\/h3>\n<p>[\/et_pb_text][\/et_pb_column][\/et_pb_row][et_pb_row use_custom_gutter=\u00a0\u00bbon\u00a0\u00bb gutter_width=\u00a0\u00bb1&Prime; _builder_version=\u00a0\u00bb4.27.4&Prime; _module_preset=\u00a0\u00bb_initial\u00a0\u00bb global_colors_info=\u00a0\u00bb{}\u00a0\u00bb][et_pb_column type=\u00a0\u00bb4_4&Prime; _builder_version=\u00a0\u00bb4.27.4&Prime; _module_preset=\u00a0\u00bbdefault\u00a0\u00bb global_colors_info=\u00a0\u00bb{}\u00a0\u00bb][et_pb_video src=\u00a0\u00bbhttps:\/\/gawl.eu\/wp-content\/uploads\/sites\/41\/2025\/03\/A-Nose-Three-Eyes-\u0623\u0646\u0641-\u0648\u062b\u0644\u0627\u062b-\u0639\u064a\u0648\u0646-Official-Trailer-February-8.mp4&Prime; image_src=\u00a0\u00bbhttps:\/\/gawl-distribution.eu\/wp-content\/uploads\/sites\/2\/2025\/04\/10.jpg\u00a0\u00bb image_src_tablet=\u00a0\u00bbhttps:\/\/gawl-distribution.eu\/wp-content\/uploads\/sites\/2\/2025\/04\/FREE-REPLAY-Thumbnail-400&#215;300-9.jpg\u00a0\u00bb image_src_phone=\u00a0\u00bbhttps:\/\/gawl-distribution.eu\/wp-content\/uploads\/sites\/2\/2025\/04\/23-1.jpg\u00a0\u00bb image_src_last_edited=\u00a0\u00bbon|phone\u00a0\u00bb _builder_version=\u00a0\u00bb4.27.4&Prime; _module_preset=\u00a0\u00bbdefault\u00a0\u00bb hover_enabled=\u00a0\u00bb0&Prime; global_colors_info=\u00a0\u00bb{}\u00a0\u00bb title_text=\u00a0\u00bb10&Prime; sticky_enabled=\u00a0\u00bb0&Prime;][\/et_pb_video][\/et_pb_column][\/et_pb_row][et_pb_row column_structure=\u00a0\u00bb1_2,1_2&Prime; use_custom_gutter=\u00a0\u00bbon\u00a0\u00bb gutter_width=\u00a0\u00bb1&Prime; _builder_version=\u00a0\u00bb4.27.4&Prime; _module_preset=\u00a0\u00bb_initial\u00a0\u00bb min_height=\u00a0\u00bb373.5px\u00a0\u00bb global_colors_info=\u00a0\u00bb{}\u00a0\u00bb][et_pb_column type=\u00a0\u00bb1_2&Prime; _builder_version=\u00a0\u00bb4.21.0&Prime; _module_preset=\u00a0\u00bbdefault\u00a0\u00bb global_colors_info=\u00a0\u00bb{}\u00a0\u00bb][et_pb_text _builder_version=\u00a0\u00bb4.27.4&Prime; _module_preset=\u00a0\u00bbdefault\u00a0\u00bb global_colors_info=\u00a0\u00bb{}\u00a0\u00bb]<\/p>\n<p style=\"text-align: justify\"><strong>Director<\/strong>: Amir Ramses<\/p>\n<p style=\"text-align: justify\"><strong>Cast<\/strong>: Dafer Al Abidin &#8211; Saba Moubarak<\/p>\n<p style=\"text-align: justify\"><strong>Country<\/strong>: Egypt<\/p>\n<p style=\"text-align: justify\"><strong>Genre<\/strong>: Drama<\/p>\n<p style=\"text-align: justify\"><strong>Duration<\/strong>: 106 min<\/p>\n<p style=\"text-align: justify\"><strong>Language<\/strong>: Arabic<\/p>\n<p style=\"text-align: justify\"><strong>Subtitles<\/strong>: French, English, Spanish, Italian, German, Dutch<\/p>\n<p style=\"text-align: justify\"><strong>Year of production<\/strong>: 2023<\/p>\n<p style=\"text-align: justify\"><strong>Production<\/strong>: Lagoonie Film Production \/ Rise Studios<\/p>\n<p style=\"text-align: center\">\n<p>[\/et_pb_text][\/et_pb_column][et_pb_column type=\u00a0\u00bb1_2&Prime; _builder_version=\u00a0\u00bb4.21.0&Prime; _module_preset=\u00a0\u00bbdefault\u00a0\u00bb global_colors_info=\u00a0\u00bb{}\u00a0\u00bb][et_pb_text _builder_version=\u00a0\u00bb4.27.4&Prime; _module_preset=\u00a0\u00bbdefault\u00a0\u00bb global_colors_info=\u00a0\u00bb{}\u00a0\u00bb]<\/p>\n<p><strong>Logline :<\/strong>: A renowned plastic surgeon, incapable of committing to love, finds his certainties shaken when he falls for Ruba, a young woman twenty-five years his junior.<span><\/span><\/p>\n<p><strong>Synopsis :<\/strong>: Dr. Hashem, a well-known plastic surgeon in his forties, hasn\u2019t been able to commit to a romantic relationship for some time. Over the years, he grew close to two different women, yet always found convincing reasons to distance himself. But he finds himself unable to resist a third \u2014 Ruba, a woman twenty-five years younger than him.<\/p>\n<p><span><\/span><\/p>\n<p>[\/et_pb_text][\/et_pb_column][\/et_pb_row][\/et_pb_section][et_pb_section fb_built=\u00a0\u00bb1&Prime; disabled_on=\u00a0\u00bboff|off|off\u00a0\u00bb _builder_version=\u00a0\u00bb4.21.0&Prime; _module_preset=\u00a0\u00bbdefault\u00a0\u00bb background_color=\u00a0\u00bb#999999&Prime; custom_padding=\u00a0\u00bb0px||0px||true|false\u00a0\u00bb global_colors_info=\u00a0\u00bb{}\u00a0\u00bb][\/et_pb_section]<\/p>","protected":false},"excerpt":{"rendered":"<p>A Nose And Three Eyes \u00a0R\u00e9alisateur: Amir Ramses R\u00e9alisation: Amir Ramses Cast: Dafer Al Abidin &#8211; Saba Moubarak Pays: \u00c9gypte Genre: Drame Dur\u00e9e: 106 min Langue: Arabe Sous-titres: Fran\u00e7ais, Anglais, Espagnol, Italien, Allemand, N\u00e9erlandais Ann\u00e9e de production: 2023 Production: Lagoonie Film Production \/ Rise Studios Logline: Un chirurgien esth\u00e9tique \u00e0 la renomm\u00e9e \u00e9tablie, incapable de [&hellip;]<\/p>","protected":false},"author":2,"featured_media":400,"parent":0,"menu_order":0,"comment_status":"closed","ping_status":"closed","template":"","meta":{"_et_pb_use_builder":"on","_et_pb_old_content":"","_et_gb_content_width":"","footnotes":""},"class_list":["post-135","page","type-page","status-publish","has-post-thumbnail","hentry"],"yoast_head":"<!-- This site is optimized with the Yoast SEO plugin v25.5 - https:\/\/yoast.com\/wordpress\/plugins\/seo\/ -->\n<title>A Nose And Three Eyes - GAWL Distribution<\/title>\n<meta name=\"description\" content=\"&quot;A Nose And Three Eyes&quot; suit Un chirurgien esth\u00e9tique \u00e0 la renomm\u00e9e \u00e9tablie, incapable de s&#039;engager en amour.\" \/>\n<meta name=\"robots\" content=\"index, follow, max-snippet:-1, max-image-preview:large, max-video-preview:-1\" \/>\n<link rel=\"canonical\" href=\"https:\/\/gawl-distribution.eu\/en\/a-nose-and-three-eyes\/\" \/>\n<meta property=\"og:locale\" content=\"en_GB\" \/>\n<meta property=\"og:type\" content=\"article\" \/>\n<meta property=\"og:title\" content=\"A Nose And Three Eyes - GAWL Distribution\" \/>\n<meta property=\"og:description\" content=\"&quot;A Nose And Three Eyes&quot; suit Un chirurgien esth\u00e9tique \u00e0 la renomm\u00e9e \u00e9tablie, incapable de s&#039;engager en amour.\" \/>\n<meta property=\"og:url\" content=\"https:\/\/gawl-distribution.eu\/en\/a-nose-and-three-eyes\/\" \/>\n<meta property=\"og:site_name\" content=\"GAWL Distribution\" \/>\n<meta property=\"article:modified_time\" content=\"2026-03-10T16:38:49+00:00\" \/>\n<meta property=\"og:image\" content=\"https:\/\/gawl-distribution.eu\/wp-content\/uploads\/sites\/2\/2025\/04\/23-1.jpg\" \/>\n\t<meta property=\"og:image:width\" content=\"400\" \/>\n\t<meta property=\"og:image:height\" content=\"300\" \/>\n\t<meta property=\"og:image:type\" content=\"image\/jpeg\" \/>\n<meta name=\"twitter:card\" content=\"summary_large_image\" \/>\n<meta name=\"twitter:label1\" content=\"Estimated reading time\" \/>\n\t<meta name=\"twitter:data1\" content=\"1 minute\" \/>\n<script type=\"application\/ld+json\" class=\"yoast-schema-graph\">{\"@context\":\"https:\/\/schema.org\",\"@graph\":[{\"@type\":\"WebPage\",\"@id\":\"https:\/\/gawl-distribution.eu\/a-nose-and-three-eyes\/\",\"url\":\"https:\/\/gawl-distribution.eu\/a-nose-and-three-eyes\/\",\"name\":\"A Nose And Three Eyes - GAWL Distribution\",\"isPartOf\":{\"@id\":\"https:\/\/gawl-distribution.eu\/#website\"},\"primaryImageOfPage\":{\"@id\":\"https:\/\/gawl-distribution.eu\/a-nose-and-three-eyes\/#primaryimage\"},\"image\":{\"@id\":\"https:\/\/gawl-distribution.eu\/a-nose-and-three-eyes\/#primaryimage\"},\"thumbnailUrl\":\"https:\/\/gawl-distribution.eu\/wp-content\/uploads\/sites\/2\/2025\/04\/23-1.jpg\",\"datePublished\":\"2025-04-01T14:36:54+00:00\",\"dateModified\":\"2026-03-10T16:38:49+00:00\",\"description\":\"\\\"A Nose And Three Eyes\\\" suit Un chirurgien esth\u00e9tique \u00e0 la renomm\u00e9e \u00e9tablie, incapable de s'engager en amour.\",\"breadcrumb\":{\"@id\":\"https:\/\/gawl-distribution.eu\/a-nose-and-three-eyes\/#breadcrumb\"},\"inLanguage\":\"en-GB\",\"potentialAction\":[{\"@type\":\"ReadAction\",\"target\":[\"https:\/\/gawl-distribution.eu\/a-nose-and-three-eyes\/\"]}]},{\"@type\":\"ImageObject\",\"inLanguage\":\"en-GB\",\"@id\":\"https:\/\/gawl-distribution.eu\/a-nose-and-three-eyes\/#primaryimage\",\"url\":\"https:\/\/gawl-distribution.eu\/wp-content\/uploads\/sites\/2\/2025\/04\/23-1.jpg\",\"contentUrl\":\"https:\/\/gawl-distribution.eu\/wp-content\/uploads\/sites\/2\/2025\/04\/23-1.jpg\",\"width\":400,\"height\":300},{\"@type\":\"BreadcrumbList\",\"@id\":\"https:\/\/gawl-distribution.eu\/a-nose-and-three-eyes\/#breadcrumb\",\"itemListElement\":[{\"@type\":\"ListItem\",\"position\":1,\"name\":\"Home\",\"item\":\"https:\/\/gawl-distribution.eu\/\"},{\"@type\":\"ListItem\",\"position\":2,\"name\":\"A Nose And Three Eyes\"}]},{\"@type\":\"WebSite\",\"@id\":\"https:\/\/gawl-distribution.eu\/#website\",\"url\":\"https:\/\/gawl-distribution.eu\/\",\"name\":\"GAWL Distribution\",\"description\":\"\",\"potentialAction\":[{\"@type\":\"SearchAction\",\"target\":{\"@type\":\"EntryPoint\",\"urlTemplate\":\"https:\/\/gawl-distribution.eu\/?s={search_term_string}\"},\"query-input\":{\"@type\":\"PropertyValueSpecification\",\"valueRequired\":true,\"valueName\":\"search_term_string\"}}],\"inLanguage\":\"en-GB\"}]}<\/script>\n<!-- \/ Yoast SEO plugin. -->","yoast_head_json":{"title":"A Nose And Three Eyes - GAWL Distribution","description":"\"A Nose And Three Eyes\" suit Un chirurgien esth\u00e9tique \u00e0 la renomm\u00e9e \u00e9tablie, incapable de s'engager en amour.","robots":{"index":"index","follow":"follow","max-snippet":"max-snippet:-1","max-image-preview":"max-image-preview:large","max-video-preview":"max-video-preview:-1"},"canonical":"https:\/\/gawl-distribution.eu\/en\/a-nose-and-three-eyes\/","og_locale":"en_GB","og_type":"article","og_title":"A Nose And Three Eyes - GAWL Distribution","og_description":"\"A Nose And Three Eyes\" suit Un chirurgien esth\u00e9tique \u00e0 la renomm\u00e9e \u00e9tablie, incapable de s'engager en amour.","og_url":"https:\/\/gawl-distribution.eu\/en\/a-nose-and-three-eyes\/","og_site_name":"GAWL Distribution","article_modified_time":"2026-03-10T16:38:49+00:00","og_image":[{"width":400,"height":300,"url":"https:\/\/gawl-distribution.eu\/wp-content\/uploads\/sites\/2\/2025\/04\/23-1.jpg","type":"image\/jpeg"}],"twitter_card":"summary_large_image","twitter_misc":{"Estimated reading time":"1 minute"},"schema":{"@context":"https:\/\/schema.org","@graph":[{"@type":"WebPage","@id":"https:\/\/gawl-distribution.eu\/a-nose-and-three-eyes\/","url":"https:\/\/gawl-distribution.eu\/a-nose-and-three-eyes\/","name":"A Nose And Three Eyes - GAWL Distribution","isPartOf":{"@id":"https:\/\/gawl-distribution.eu\/#website"},"primaryImageOfPage":{"@id":"https:\/\/gawl-distribution.eu\/a-nose-and-three-eyes\/#primaryimage"},"image":{"@id":"https:\/\/gawl-distribution.eu\/a-nose-and-three-eyes\/#primaryimage"},"thumbnailUrl":"https:\/\/gawl-distribution.eu\/wp-content\/uploads\/sites\/2\/2025\/04\/23-1.jpg","datePublished":"2025-04-01T14:36:54+00:00","dateModified":"2026-03-10T16:38:49+00:00","description":"\"A Nose And Three Eyes\" suit Un chirurgien esth\u00e9tique \u00e0 la renomm\u00e9e \u00e9tablie, incapable de s'engager en amour.","breadcrumb":{"@id":"https:\/\/gawl-distribution.eu\/a-nose-and-three-eyes\/#breadcrumb"},"inLanguage":"en-GB","potentialAction":[{"@type":"ReadAction","target":["https:\/\/gawl-distribution.eu\/a-nose-and-three-eyes\/"]}]},{"@type":"ImageObject","inLanguage":"en-GB","@id":"https:\/\/gawl-distribution.eu\/a-nose-and-three-eyes\/#primaryimage","url":"https:\/\/gawl-distribution.eu\/wp-content\/uploads\/sites\/2\/2025\/04\/23-1.jpg","contentUrl":"https:\/\/gawl-distribution.eu\/wp-content\/uploads\/sites\/2\/2025\/04\/23-1.jpg","width":400,"height":300},{"@type":"BreadcrumbList","@id":"https:\/\/gawl-distribution.eu\/a-nose-and-three-eyes\/#breadcrumb","itemListElement":[{"@type":"ListItem","position":1,"name":"Home","item":"https:\/\/gawl-distribution.eu\/"},{"@type":"ListItem","position":2,"name":"A Nose And Three Eyes"}]},{"@type":"WebSite","@id":"https:\/\/gawl-distribution.eu\/#website","url":"https:\/\/gawl-distribution.eu\/","name":"GAWL Distribution","description":"","potentialAction":[{"@type":"SearchAction","target":{"@type":"EntryPoint","urlTemplate":"https:\/\/gawl-distribution.eu\/?s={search_term_string}"},"query-input":{"@type":"PropertyValueSpecification","valueRequired":true,"valueName":"search_term_string"}}],"inLanguage":"en-GB"}]}},"_links":{"self":[{"href":"https:\/\/gawl-distribution.eu\/en\/wp-json\/wp\/v2\/pages\/135","targetHints":{"allow":["GET"]}}],"collection":[{"href":"https:\/\/gawl-distribution.eu\/en\/wp-json\/wp\/v2\/pages"}],"about":[{"href":"https:\/\/gawl-distribution.eu\/en\/wp-json\/wp\/v2\/types\/page"}],"author":[{"embeddable":true,"href":"https:\/\/gawl-distribution.eu\/en\/wp-json\/wp\/v2\/users\/2"}],"replies":[{"embeddable":true,"href":"https:\/\/gawl-distribution.eu\/en\/wp-json\/wp\/v2\/comments?post=135"}],"version-history":[{"count":0,"href":"https:\/\/gawl-distribution.eu\/en\/wp-json\/wp\/v2\/pages\/135\/revisions"}],"wp:featuredmedia":[{"embeddable":true,"href":"https:\/\/gawl-distribution.eu\/en\/wp-json\/wp\/v2\/media\/400"}],"wp:attachment":[{"href":"https:\/\/gawl-distribution.eu\/en\/wp-json\/wp\/v2\/media?parent=135"}],"curies":[{"name":"wp","href":"https:\/\/api.w.org\/{rel}","templated":true}]}}