{"id":160,"date":"2025-04-01T14:39:30","date_gmt":"2025-04-01T14:39:30","guid":{"rendered":"https:\/\/gawl-distribution.eu\/?page_id=160"},"modified":"2026-03-10T16:38:49","modified_gmt":"2026-03-10T16:38:49","slug":"contact","status":"publish","type":"page","link":"https:\/\/gawl-distribution.eu\/en\/contact\/","title":{"rendered":"Contact"},"content":{"rendered":"<p>[et_pb_section fb_built=\u00a0\u00bb1&Prime; admin_label=\u00a0\u00bbPage Title Section\u00a0\u00bb _builder_version=\u00a0\u00bb4.16&Prime; _module_preset=\u00a0\u00bbdefault\u00a0\u00bb use_background_color_gradient=\u00a0\u00bbon\u00a0\u00bb background_color_gradient_direction=\u00a0\u00bb1deg\u00a0\u00bb background_color_gradient_stops=\u00a0\u00bb#0a0a0a 0%|rgba(0,0,0,0) 100%\u00a0\u00bb background_color_gradient_overlays_image=\u00a0\u00bbon\u00a0\u00bb background_color_gradient_start=\u00a0\u00bb#0a0a0a\u00a0\u00bb background_color_gradient_end=\u00a0\u00bbrgba(0,0,0,0)\u00a0\u00bb background_image=\u00a0\u00bbhttps:\/\/gawl-distribution.eu\/wp-content\/uploads\/sites\/2\/2025\/04\/business-14.jpg\u00a0\u00bb custom_padding=\u00a0\u00bb100px||60px|\u00a0\u00bb box_shadow_style=\u00a0\u00bbpreset7&Prime; box_shadow_horizontal=\u00a0\u00bb0px\u00a0\u00bb box_shadow_vertical=\u00a0\u00bb-220px\u00a0\u00bb box_shadow_color=\u00a0\u00bb#ffffff\u00a0\u00bb global_colors_info=\u00a0\u00bb{}\u00a0\u00bb][et_pb_row use_custom_gutter=\u00a0\u00bbon\u00a0\u00bb gutter_width=\u00a0\u00bb1&Prime; admin_label=\u00a0\u00bbPage Title Area\u00a0\u00bb _builder_version=\u00a0\u00bb4.27.4&Prime; _module_preset=\u00a0\u00bb_initial\u00a0\u00bb background_size=\u00a0\u00bbinitial\u00a0\u00bb background_position=\u00a0\u00bbtop_left\u00a0\u00bb background_repeat=\u00a0\u00bbrepeat\u00a0\u00bb animation_style=\u00a0\u00bbfade\u00a0\u00bb global_colors_info=\u00a0\u00bb{}\u00a0\u00bb][et_pb_column type=\u00a0\u00bb4_4&Prime; _builder_version=\u00a0\u00bb4.16&Prime; _module_preset=\u00a0\u00bbdefault\u00a0\u00bb custom_padding=\u00a0\u00bb|||\u00a0\u00bb global_colors_info=\u00a0\u00bb{}\u00a0\u00bb custom_padding__hover=\u00a0\u00bb|||\u00a0\u00bb][et_pb_text admin_label=\u00a0\u00bbTitle\u00a0\u00bb _builder_version=\u00a0\u00bb4.16&Prime; _module_preset=\u00a0\u00bbdefault\u00a0\u00bb text_font=\u00a0\u00bbPoppins||||||||\u00a0\u00bb text_font_size=\u00a0\u00bb18px\u00a0\u00bb text_line_height=\u00a0\u00bb1.8em\u00a0\u00bb header_font=\u00a0\u00bbPoppins|600|||||||\u00a0\u00bb header_font_size=\u00a0\u00bb48px\u00a0\u00bb header_line_height=\u00a0\u00bb1.4em\u00a0\u00bb header_2_font=\u00a0\u00bb||||||||\u00a0\u00bb text_orientation=\u00a0\u00bbcenter\u00a0\u00bb background_layout=\u00a0\u00bbdark\u00a0\u00bb max_width=\u00a0\u00bb700px\u00a0\u00bb module_alignment=\u00a0\u00bbcenter\u00a0\u00bb custom_margin=\u00a0\u00bb|||\u00a0\u00bb animation_style=\u00a0\u00bbfade\u00a0\u00bb text_font_size_tablet=\u00a0\u00bb\u00a0\u00bb text_font_size_phone=\u00a0\u00bb16px\u00a0\u00bb text_font_size_last_edited=\u00a0\u00bbon|phone\u00a0\u00bb header_font_size_tablet=\u00a0\u00bb\u00a0\u00bb header_font_size_phone=\u00a0\u00bb30px\u00a0\u00bb header_font_size_last_edited=\u00a0\u00bbon|phone\u00a0\u00bb global_colors_info=\u00a0\u00bb{}\u00a0\u00bb]<\/p>\n<h1>CONTACT US<\/h1>\n<p><span>Interested in our programs or in distributing your content internationally ? <\/span><span>Contact us by email.<\/span><\/p>\n<p>[\/et_pb_text][\/et_pb_column][\/et_pb_row][et_pb_row column_structure=\u00a0\u00bb1_3,1_3,1_3&Prime; use_custom_gutter=\u00a0\u00bbon\u00a0\u00bb gutter_width=\u00a0\u00bb1&Prime; make_equal=\u00a0\u00bbon\u00a0\u00bb admin_label=\u00a0\u00bbPricing Area\u00a0\u00bb _builder_version=\u00a0\u00bb4.27.4&Prime; _module_preset=\u00a0\u00bb_initial\u00a0\u00bb background_color=\u00a0\u00bb#ffffff\u00a0\u00bb width_tablet=\u00a0\u00bb\u00a0\u00bb width_phone=\u00a0\u00bb80%\u00a0\u00bb width_last_edited=\u00a0\u00bbon|phone\u00a0\u00bb max_width_tablet=\u00a0\u00bb\u00a0\u00bb max_width_phone=\u00a0\u00bb\u00a0\u00bb max_width_last_edited=\u00a0\u00bbon|phone\u00a0\u00bb custom_margin=\u00a0\u00bb0px||||false|false\u00a0\u00bb custom_margin_tablet=\u00a0\u00bb\u00a0\u00bb custom_margin_phone=\u00a0\u00bb\u00a0\u00bb custom_margin_last_edited=\u00a0\u00bbon|desktop\u00a0\u00bb custom_padding=\u00a0\u00bb0px||0px|\u00a0\u00bb animation_style=\u00a0\u00bbslide\u00a0\u00bb animation_direction=\u00a0\u00bbtop\u00a0\u00bb animation_intensity_slide=\u00a0\u00bb3%\u00a0\u00bb animation_starting_opacity=\u00a0\u00bb100%\u00a0\u00bb hover_enabled=\u00a0\u00bb0&Prime; border_color_all=\u00a0\u00bb#0C71C3&Prime; border_style_all=\u00a0\u00bbdouble\u00a0\u00bb global_colors_info=\u00a0\u00bb{}\u00a0\u00bb sticky_enabled=\u00a0\u00bb0&Prime;][et_pb_column type=\u00a0\u00bb1_3&Prime; _builder_version=\u00a0\u00bb4.27.4&Prime; _module_preset=\u00a0\u00bbdefault\u00a0\u00bb custom_padding=\u00a0\u00bb60px|40px|60px|40px\u00a0\u00bb border_width_all=\u00a0\u00bb0px\u00a0\u00bb border_color_all=\u00a0\u00bb#FFFFFF\u00a0\u00bb global_colors_info=\u00a0\u00bb{}\u00a0\u00bb custom_padding__hover=\u00a0\u00bb|||\u00a0\u00bb][et_pb_blurb use_icon=\u00a0\u00bbon\u00a0\u00bb font_icon=\u00a0\u00bb&#xe010;||divi||400&Prime; icon_color=\u00a0\u00bb#FFFFFF\u00a0\u00bb image_icon_background_color=\u00a0\u00bb#0C71C3&Prime; image_icon_width=\u00a0\u00bb69px\u00a0\u00bb _builder_version=\u00a0\u00bb4.27.4&Prime; _module_preset=\u00a0\u00bbdefault\u00a0\u00bb header_font=\u00a0\u00bbPoppins||||||||\u00a0\u00bb header_text_align=\u00a0\u00bbcenter\u00a0\u00bb header_font_size=\u00a0\u00bb21px\u00a0\u00bb header_line_height=\u00a0\u00bb1.2em\u00a0\u00bb body_font=\u00a0\u00bbPoppins||||||||\u00a0\u00bb body_font_size=\u00a0\u00bb18px\u00a0\u00bb image_icon_custom_padding=\u00a0\u00bb25px|25px|25px|25px|false|false\u00a0\u00bb border_radii_image=\u00a0\u00bbon|100%|100%|100%|100%\u00a0\u00bb use_circle=\u00a0\u00bbon\u00a0\u00bb circle_color=\u00a0\u00bb#0C71C3&Prime; global_colors_info=\u00a0\u00bb{}\u00a0\u00bb image_icon_background_color__sticky_enabled=\u00a0\u00bb#2ea3f2&Prime; image_icon_background_color__sticky=\u00a0\u00bb#2ea3f2&Prime;]<\/p>\n<p style=\"text-align: center;\"><a href=\"mailto:content.sales@gawl.eu?subject=Please contact me to know more about your services\"><span style=\"color: #000000;\"><strong>contact@gawl.eu<\/strong><\/span><\/a><\/p>\n<p>[\/et_pb_blurb][\/et_pb_column][et_pb_column type=\u00a0\u00bb1_3&Prime; _builder_version=\u00a0\u00bb4.27.4&Prime; _module_preset=\u00a0\u00bbdefault\u00a0\u00bb custom_padding=\u00a0\u00bb60px|40px|60px|40px\u00a0\u00bb hover_enabled=\u00a0\u00bb0&Prime; border_width_all=\u00a0\u00bb0px\u00a0\u00bb border_color_all=\u00a0\u00bb#FFFFFF\u00a0\u00bb global_colors_info=\u00a0\u00bb{}\u00a0\u00bb custom_padding__hover=\u00a0\u00bb|||\u00a0\u00bb sticky_enabled=\u00a0\u00bb0&Prime;][et_pb_blurb use_icon=\u00a0\u00bbon\u00a0\u00bb font_icon=\u00a0\u00bb&#xe090;||divi||400&Prime; icon_color=\u00a0\u00bb#FFFFFF\u00a0\u00bb image_icon_background_color=\u00a0\u00bb#0C71C3&Prime; image_icon_width=\u00a0\u00bb69px\u00a0\u00bb _builder_version=\u00a0\u00bb4.27.4&Prime; _module_preset=\u00a0\u00bbdefault\u00a0\u00bb body_font_size=\u00a0\u00bb18px\u00a0\u00bb image_icon_custom_padding=\u00a0\u00bb25px|25px|25px|25px|false|false\u00a0\u00bb child_filter_saturate=\u00a0\u00bb97%\u00a0\u00bb hover_enabled=\u00a0\u00bb0&Prime; border_radii_image=\u00a0\u00bbon|100px|100px|100px|100px\u00a0\u00bb global_colors_info=\u00a0\u00bb{}\u00a0\u00bb sticky_enabled=\u00a0\u00bb0&Prime;]<\/p>\n<p style=\"text-align: center;\"><span style=\"color: #000000;\"><strong>+33 <span lang=\"FR-CA\">184191183<\/span><\/strong><\/span><\/p>\n<p>[\/et_pb_blurb][\/et_pb_column][et_pb_column type=\u00a0\u00bb1_3&Prime; _builder_version=\u00a0\u00bb4.27.4&Prime; _module_preset=\u00a0\u00bbdefault\u00a0\u00bb custom_padding=\u00a0\u00bb60px|40px|60px|40px\u00a0\u00bb border_width_all=\u00a0\u00bb0px\u00a0\u00bb border_color_all=\u00a0\u00bb#FFFFFF\u00a0\u00bb global_colors_info=\u00a0\u00bb{}\u00a0\u00bb custom_padding__hover=\u00a0\u00bb|||\u00a0\u00bb][et_pb_blurb _builder_version=\u00a0\u00bb4.27.4&Prime; _module_preset=\u00a0\u00bbdefault\u00a0\u00bb hover_enabled=\u00a0\u00bb0&Prime; sticky_enabled=\u00a0\u00bb0&Prime; body_font_size=\u00a0\u00bb18px\u00a0\u00bb image_icon_background_color=\u00a0\u00bb#0c71c3&Prime; use_icon=\u00a0\u00bbon\u00a0\u00bb font_icon=\u00a0\u00bb&#xf232;||fa||400&Prime; icon_color=\u00a0\u00bb#FFFFFF\u00a0\u00bb border_radii_image=\u00a0\u00bbon|100px|100px|100px|100px\u00a0\u00bb image_icon_width=\u00a0\u00bb69px\u00a0\u00bb image_icon_custom_padding=\u00a0\u00bb25px|25px|25px|25px|false|false\u00a0\u00bb url=\u00a0\u00bbhttps:\/\/wa.me\/33782118769&Prime; link_option_url=\u00a0\u00bbhttps:\/\/wa.me\/33782118769&Prime;]<\/p>\n<p style=\"text-align: center;\"><span style=\"color: #000000;\"><strong>Whatsapp<\/strong><\/span><\/p>\n<p>[\/et_pb_blurb][\/et_pb_column][\/et_pb_row][\/et_pb_section]<\/p>","protected":false},"excerpt":{"rendered":"<p>NOUS CONTACTER Int\u00e9ress\u00e9s par nos programmes ou par la distribution de vos programmes \u00e0 l&rsquo;international ? Contactez-nous par mail.contact@gawl.eu+33 184191183Whatsapp<\/p>","protected":false},"author":2,"featured_media":0,"parent":0,"menu_order":0,"comment_status":"closed","ping_status":"closed","template":"","meta":{"_et_pb_use_builder":"on","_et_pb_old_content":"","_et_gb_content_width":"","footnotes":""},"class_list":["post-160","page","type-page","status-publish","hentry"],"yoast_head":"<!-- This site is optimized with the Yoast SEO plugin v25.5 - https:\/\/yoast.com\/wordpress\/plugins\/seo\/ -->\n<title>Contact - GAWL Distribution<\/title>\n<meta name=\"description\" content=\"Vous souhaitez en savoir plus sur nos services de distribution ? Contactez-nous par e-mail !\" \/>\n<meta name=\"robots\" content=\"index, follow, max-snippet:-1, max-image-preview:large, max-video-preview:-1\" \/>\n<link rel=\"canonical\" href=\"https:\/\/gawl-distribution.eu\/en\/contact\/\" \/>\n<meta property=\"og:locale\" content=\"en_GB\" \/>\n<meta property=\"og:type\" content=\"article\" \/>\n<meta property=\"og:title\" content=\"Contact - GAWL Distribution\" \/>\n<meta property=\"og:description\" content=\"Vous souhaitez en savoir plus sur nos services de distribution ? Contactez-nous par e-mail !\" \/>\n<meta property=\"og:url\" content=\"https:\/\/gawl-distribution.eu\/en\/contact\/\" \/>\n<meta property=\"og:site_name\" content=\"GAWL Distribution\" \/>\n<meta property=\"article:modified_time\" content=\"2026-03-10T16:38:49+00:00\" \/>\n<meta name=\"twitter:card\" content=\"summary_large_image\" \/>\n<meta name=\"twitter:label1\" content=\"Estimated reading time\" \/>\n\t<meta name=\"twitter:data1\" content=\"1 minute\" \/>\n<script type=\"application\/ld+json\" class=\"yoast-schema-graph\">{\"@context\":\"https:\/\/schema.org\",\"@graph\":[{\"@type\":\"WebPage\",\"@id\":\"https:\/\/gawl-distribution.eu\/contact\/\",\"url\":\"https:\/\/gawl-distribution.eu\/contact\/\",\"name\":\"Contact - GAWL Distribution\",\"isPartOf\":{\"@id\":\"https:\/\/gawl-distribution.eu\/#website\"},\"datePublished\":\"2025-04-01T14:39:30+00:00\",\"dateModified\":\"2026-03-10T16:38:49+00:00\",\"description\":\"Vous souhaitez en savoir plus sur nos services de distribution ? Contactez-nous par e-mail !\",\"breadcrumb\":{\"@id\":\"https:\/\/gawl-distribution.eu\/contact\/#breadcrumb\"},\"inLanguage\":\"en-GB\",\"potentialAction\":[{\"@type\":\"ReadAction\",\"target\":[\"https:\/\/gawl-distribution.eu\/contact\/\"]}]},{\"@type\":\"BreadcrumbList\",\"@id\":\"https:\/\/gawl-distribution.eu\/contact\/#breadcrumb\",\"itemListElement\":[{\"@type\":\"ListItem\",\"position\":1,\"name\":\"Home\",\"item\":\"https:\/\/gawl-distribution.eu\/\"},{\"@type\":\"ListItem\",\"position\":2,\"name\":\"Contact\"}]},{\"@type\":\"WebSite\",\"@id\":\"https:\/\/gawl-distribution.eu\/#website\",\"url\":\"https:\/\/gawl-distribution.eu\/\",\"name\":\"GAWL Distribution\",\"description\":\"\",\"potentialAction\":[{\"@type\":\"SearchAction\",\"target\":{\"@type\":\"EntryPoint\",\"urlTemplate\":\"https:\/\/gawl-distribution.eu\/?s={search_term_string}\"},\"query-input\":{\"@type\":\"PropertyValueSpecification\",\"valueRequired\":true,\"valueName\":\"search_term_string\"}}],\"inLanguage\":\"en-GB\"}]}<\/script>\n<!-- \/ Yoast SEO plugin. -->","yoast_head_json":{"title":"Contact - GAWL Distribution","description":"Vous souhaitez en savoir plus sur nos services de distribution ? Contactez-nous par e-mail !","robots":{"index":"index","follow":"follow","max-snippet":"max-snippet:-1","max-image-preview":"max-image-preview:large","max-video-preview":"max-video-preview:-1"},"canonical":"https:\/\/gawl-distribution.eu\/en\/contact\/","og_locale":"en_GB","og_type":"article","og_title":"Contact - GAWL Distribution","og_description":"Vous souhaitez en savoir plus sur nos services de distribution ? Contactez-nous par e-mail !","og_url":"https:\/\/gawl-distribution.eu\/en\/contact\/","og_site_name":"GAWL Distribution","article_modified_time":"2026-03-10T16:38:49+00:00","twitter_card":"summary_large_image","twitter_misc":{"Estimated reading time":"1 minute"},"schema":{"@context":"https:\/\/schema.org","@graph":[{"@type":"WebPage","@id":"https:\/\/gawl-distribution.eu\/contact\/","url":"https:\/\/gawl-distribution.eu\/contact\/","name":"Contact - GAWL Distribution","isPartOf":{"@id":"https:\/\/gawl-distribution.eu\/#website"},"datePublished":"2025-04-01T14:39:30+00:00","dateModified":"2026-03-10T16:38:49+00:00","description":"Vous souhaitez en savoir plus sur nos services de distribution ? Contactez-nous par e-mail !","breadcrumb":{"@id":"https:\/\/gawl-distribution.eu\/contact\/#breadcrumb"},"inLanguage":"en-GB","potentialAction":[{"@type":"ReadAction","target":["https:\/\/gawl-distribution.eu\/contact\/"]}]},{"@type":"BreadcrumbList","@id":"https:\/\/gawl-distribution.eu\/contact\/#breadcrumb","itemListElement":[{"@type":"ListItem","position":1,"name":"Home","item":"https:\/\/gawl-distribution.eu\/"},{"@type":"ListItem","position":2,"name":"Contact"}]},{"@type":"WebSite","@id":"https:\/\/gawl-distribution.eu\/#website","url":"https:\/\/gawl-distribution.eu\/","name":"GAWL Distribution","description":"","potentialAction":[{"@type":"SearchAction","target":{"@type":"EntryPoint","urlTemplate":"https:\/\/gawl-distribution.eu\/?s={search_term_string}"},"query-input":{"@type":"PropertyValueSpecification","valueRequired":true,"valueName":"search_term_string"}}],"inLanguage":"en-GB"}]}},"_links":{"self":[{"href":"https:\/\/gawl-distribution.eu\/en\/wp-json\/wp\/v2\/pages\/160","targetHints":{"allow":["GET"]}}],"collection":[{"href":"https:\/\/gawl-distribution.eu\/en\/wp-json\/wp\/v2\/pages"}],"about":[{"href":"https:\/\/gawl-distribution.eu\/en\/wp-json\/wp\/v2\/types\/page"}],"author":[{"embeddable":true,"href":"https:\/\/gawl-distribution.eu\/en\/wp-json\/wp\/v2\/users\/2"}],"replies":[{"embeddable":true,"href":"https:\/\/gawl-distribution.eu\/en\/wp-json\/wp\/v2\/comments?post=160"}],"version-history":[{"count":0,"href":"https:\/\/gawl-distribution.eu\/en\/wp-json\/wp\/v2\/pages\/160\/revisions"}],"wp:attachment":[{"href":"https:\/\/gawl-distribution.eu\/en\/wp-json\/wp\/v2\/media?parent=160"}],"curies":[{"name":"wp","href":"https:\/\/api.w.org\/{rel}","templated":true}]}}