{"id":91,"date":"2025-04-01T14:42:48","date_gmt":"2025-04-01T14:42:48","guid":{"rendered":"https:\/\/gawl-distribution.eu\/?page_id=91"},"modified":"2026-03-10T16:38:48","modified_gmt":"2026-03-10T16:38:48","slug":"valentino","status":"publish","type":"page","link":"https:\/\/gawl-distribution.eu\/en\/valentino\/","title":{"rendered":"Valentino"},"content":{"rendered":"<p>[et_pb_section fb_built=\u00a0\u00bb1&Prime; _builder_version=\u00a0\u00bb4.21.0&Prime; _module_preset=\u00a0\u00bbdefault\u00a0\u00bb global_colors_info=\u00a0\u00bb{}\u00a0\u00bb][et_pb_row use_custom_gutter=\u00a0\u00bbon\u00a0\u00bb gutter_width=\u00a0\u00bb1&Prime; _builder_version=\u00a0\u00bb4.21.0&Prime; _module_preset=\u00a0\u00bb_initial\u00a0\u00bb global_colors_info=\u00a0\u00bb{}\u00a0\u00bb][et_pb_column type=\u00a0\u00bb4_4&Prime; _builder_version=\u00a0\u00bb4.21.0&Prime; _module_preset=\u00a0\u00bbdefault\u00a0\u00bb global_colors_info=\u00a0\u00bb{}\u00a0\u00bb][et_pb_text _builder_version=\u00a0\u00bb4.21.0&Prime; _module_preset=\u00a0\u00bbdefault\u00a0\u00bb text_font_size=\u00a0\u00bb13px\u00a0\u00bb header_font_size=\u00a0\u00bb48px\u00a0\u00bb global_colors_info=\u00a0\u00bb{}\u00a0\u00bb]<\/p>\n<h1 style=\"text-align: center\"><strong>Valentino<\/strong><\/h1>\n<h1 style=\"text-align: center\"><strong>\u00a0<\/strong><\/h1>\n<h3 style=\"text-align: center\"><strong><span><\/span><\/strong><\/h3>\n<h3 style=\"text-align: center\"><strong><span><\/span><\/strong><\/h3>\n<h3 style=\"text-align: center\"><strong><span><\/span><\/strong><\/h3>\n<h3 style=\"text-align: center\"><strong><span><\/span><\/strong><\/h3>\n<h3 style=\"text-align: center\"><strong><span>Director: Rami Imam\u00a0 <\/span><span><\/span><\/strong><\/h3>\n<p>[\/et_pb_text][\/et_pb_column][\/et_pb_row][et_pb_row use_custom_gutter=\u00a0\u00bbon\u00a0\u00bb gutter_width=\u00a0\u00bb1&Prime; _builder_version=\u00a0\u00bb4.21.0&Prime; _module_preset=\u00a0\u00bb_initial\u00a0\u00bb global_colors_info=\u00a0\u00bb{}\u00a0\u00bb][et_pb_column type=\u00a0\u00bb4_4&Prime; _builder_version=\u00a0\u00bb4.21.0&Prime; _module_preset=\u00a0\u00bbdefault\u00a0\u00bb global_colors_info=\u00a0\u00bb{}\u00a0\u00bb][et_pb_video src=\u00a0\u00bbhttps:\/\/www.youtube.com\/watch?v=Xpki40tT3Mo&amp;t=3s\u00a0\u00bb image_src=\u00a0\u00bbhttps:\/\/gawl-distribution.eu\/wp-content\/uploads\/sites\/2\/2025\/04\/4.jpg\u00a0\u00bb _builder_version=\u00a0\u00bb4.27.4&Prime; _module_preset=\u00a0\u00bbdefault\u00a0\u00bb global_colors_info=\u00a0\u00bb{}\u00a0\u00bb][\/et_pb_video][\/et_pb_column][\/et_pb_row][et_pb_row use_custom_gutter=\u00a0\u00bbon\u00a0\u00bb gutter_width=\u00a0\u00bb1&Prime; _builder_version=\u00a0\u00bb4.21.0&Prime; _module_preset=\u00a0\u00bb_initial\u00a0\u00bb min_height=\u00a0\u00bb373.5px\u00a0\u00bb global_colors_info=\u00a0\u00bb{}\u00a0\u00bb][et_pb_column type=\u00a0\u00bb4_4&Prime; _builder_version=\u00a0\u00bb4.21.0&Prime; _module_preset=\u00a0\u00bbdefault\u00a0\u00bb global_colors_info=\u00a0\u00bb{}\u00a0\u00bb][et_pb_text _builder_version=\u00a0\u00bb4.27.4&Prime; _module_preset=\u00a0\u00bbdefault\u00a0\u00bb global_colors_info=\u00a0\u00bb{}\u00a0\u00bb]<\/p>\n<p style=\"text-align: center\"><strong>Synopsis :<\/strong>: <span>Nour Abdel Mejid, also known as Valentino, owns several international schools, the <\/span>\u00ab\u00a0Valentino Schools\u00a0\u00bb<span>which he runs with his domineering wife, with whom he is in constant conflict. Their disagreements lead them into a series of adventures, revealing plenty of unexpected twists along the way.<\/span><\/p>\n<p style=\"text-align: center\"><strong>Director<\/strong>: Rami Imam<\/p>\n<p><strong>\u00a0 \u00a0 \u00a0 \u00a0 \u00a0 \u00a0 \u00a0 \u00a0 \u00a0 \u00a0 \u00a0 \u00a0 \u00a0 \u00a0 \u00a0 \u00a0 \u00a0 \u00a0 \u00a0 \u00a0 \u00a0 \u00a0 \u00a0 \u00a0 \u00a0 \u00a0 \u00a0 \u00a0 \u00a0 \u00a0 \u00a0 \u00a0 \u00a0 \u00a0 \u00a0 \u00a0 \u00a0 \u00a0 \u00a0 \u00a0 \u00a0 \u00a0 \u00a0 \u00a0 \u00a0 \u00a0 \u00a0 \u00a0 \u00a0 \u00a0 \u00a0 \u00a0 \u00a0 \u00a0 Stars<\/strong>: Adel Imam &#8211; Dalal Abdulaziz<\/p>\n<p style=\"text-align: center\"><strong>Country<\/strong>: Egypt<\/p>\n<p style=\"text-align: center\"><strong>Genre<\/strong>: TV series, comedy<\/p>\n<p style=\"text-align: center\"><strong>Episodes <\/strong>: 30<\/p>\n<p style=\"text-align: center\"><strong>Duration<\/strong>: 37 min<\/p>\n<p style=\"text-align: center\"><strong>Language<\/strong>: Arabic<\/p>\n<p style=\"text-align: center\"><strong>Subtitles<\/strong>: French, English, Spanish, Italian, German, Dutch<\/p>\n<p style=\"text-align: center\"><strong>Year of production<\/strong>: 2020<\/p>\n<p style=\"text-align: center\"><strong>Production<\/strong>: Magnum Productions<\/p>\n<p style=\"text-align: center\">\n<p>[\/et_pb_text][\/et_pb_column][\/et_pb_row][\/et_pb_section]<\/p>","protected":false},"excerpt":{"rendered":"<p>Valentino \u00a0 R\u00e9alisateur: Rami Imam\u00a0 Synopsis: Nour Abdel Mejid, aka Valentino, poss\u00e8de plusieurs \u00e9coles internationales, les \u00ab\u00a0Valentino Schools\u00a0\u00bb, qu&rsquo;il dirige avec sa femme autoritaire, avec laquelle il est en conflit. Leurs d\u00e9saccords les plongent dans de nombreuses aventures, d\u00e9voilant au passage de nombreuses surprises. R\u00e9alisation: Rami Imam \u00a0 \u00a0 \u00a0 \u00a0 \u00a0 \u00a0 \u00a0 \u00a0 [&hellip;]<\/p>","protected":false},"author":2,"featured_media":41,"parent":0,"menu_order":0,"comment_status":"closed","ping_status":"closed","template":"","meta":{"_et_pb_use_builder":"on","_et_pb_old_content":"","_et_gb_content_width":"","footnotes":""},"class_list":["post-91","page","type-page","status-publish","has-post-thumbnail","hentry"],"yoast_head":"<!-- This site is optimized with the Yoast SEO plugin v25.5 - https:\/\/yoast.com\/wordpress\/plugins\/seo\/ -->\n<title>Valentino - GAWL Distribution<\/title>\n<meta name=\"description\" content=\"Adel Imam brille dans Valentino, une com\u00e9die piquante entre amour, pouvoir et satire sociale.\" \/>\n<meta name=\"robots\" content=\"index, follow, max-snippet:-1, max-image-preview:large, max-video-preview:-1\" \/>\n<link rel=\"canonical\" href=\"https:\/\/gawl-distribution.eu\/en\/valentino\/\" \/>\n<meta property=\"og:locale\" content=\"en_GB\" \/>\n<meta property=\"og:type\" content=\"article\" \/>\n<meta property=\"og:title\" content=\"Valentino - GAWL Distribution\" \/>\n<meta property=\"og:description\" content=\"Adel Imam brille dans Valentino, une com\u00e9die piquante entre amour, pouvoir et satire sociale.\" \/>\n<meta property=\"og:url\" content=\"https:\/\/gawl-distribution.eu\/en\/valentino\/\" \/>\n<meta property=\"og:site_name\" content=\"GAWL Distribution\" \/>\n<meta property=\"article:modified_time\" content=\"2026-03-10T16:38:48+00:00\" \/>\n<meta property=\"og:image\" content=\"https:\/\/gawl-distribution.eu\/wp-content\/uploads\/sites\/2\/2025\/04\/25.jpg\" \/>\n\t<meta property=\"og:image:width\" content=\"400\" \/>\n\t<meta property=\"og:image:height\" content=\"300\" \/>\n\t<meta property=\"og:image:type\" content=\"image\/jpeg\" \/>\n<meta name=\"twitter:card\" content=\"summary_large_image\" \/>\n<meta name=\"twitter:label1\" content=\"Estimated reading time\" \/>\n\t<meta name=\"twitter:data1\" content=\"1 minute\" \/>\n<script type=\"application\/ld+json\" class=\"yoast-schema-graph\">{\"@context\":\"https:\/\/schema.org\",\"@graph\":[{\"@type\":\"WebPage\",\"@id\":\"https:\/\/gawl-distribution.eu\/valentino\/\",\"url\":\"https:\/\/gawl-distribution.eu\/valentino\/\",\"name\":\"Valentino - GAWL Distribution\",\"isPartOf\":{\"@id\":\"https:\/\/gawl-distribution.eu\/#website\"},\"primaryImageOfPage\":{\"@id\":\"https:\/\/gawl-distribution.eu\/valentino\/#primaryimage\"},\"image\":{\"@id\":\"https:\/\/gawl-distribution.eu\/valentino\/#primaryimage\"},\"thumbnailUrl\":\"https:\/\/gawl-distribution.eu\/wp-content\/uploads\/sites\/2\/2025\/04\/25.jpg\",\"datePublished\":\"2025-04-01T14:42:48+00:00\",\"dateModified\":\"2026-03-10T16:38:48+00:00\",\"description\":\"Adel Imam brille dans Valentino, une com\u00e9die piquante entre amour, pouvoir et satire sociale.\",\"breadcrumb\":{\"@id\":\"https:\/\/gawl-distribution.eu\/valentino\/#breadcrumb\"},\"inLanguage\":\"en-GB\",\"potentialAction\":[{\"@type\":\"ReadAction\",\"target\":[\"https:\/\/gawl-distribution.eu\/valentino\/\"]}]},{\"@type\":\"ImageObject\",\"inLanguage\":\"en-GB\",\"@id\":\"https:\/\/gawl-distribution.eu\/valentino\/#primaryimage\",\"url\":\"https:\/\/gawl-distribution.eu\/wp-content\/uploads\/sites\/2\/2025\/04\/25.jpg\",\"contentUrl\":\"https:\/\/gawl-distribution.eu\/wp-content\/uploads\/sites\/2\/2025\/04\/25.jpg\",\"width\":400,\"height\":300},{\"@type\":\"BreadcrumbList\",\"@id\":\"https:\/\/gawl-distribution.eu\/valentino\/#breadcrumb\",\"itemListElement\":[{\"@type\":\"ListItem\",\"position\":1,\"name\":\"Home\",\"item\":\"https:\/\/gawl-distribution.eu\/\"},{\"@type\":\"ListItem\",\"position\":2,\"name\":\"Valentino\"}]},{\"@type\":\"WebSite\",\"@id\":\"https:\/\/gawl-distribution.eu\/#website\",\"url\":\"https:\/\/gawl-distribution.eu\/\",\"name\":\"GAWL Distribution\",\"description\":\"\",\"potentialAction\":[{\"@type\":\"SearchAction\",\"target\":{\"@type\":\"EntryPoint\",\"urlTemplate\":\"https:\/\/gawl-distribution.eu\/?s={search_term_string}\"},\"query-input\":{\"@type\":\"PropertyValueSpecification\",\"valueRequired\":true,\"valueName\":\"search_term_string\"}}],\"inLanguage\":\"en-GB\"}]}<\/script>\n<!-- \/ Yoast SEO plugin. -->","yoast_head_json":{"title":"Valentino - GAWL Distribution","description":"Adel Imam brille dans Valentino, une com\u00e9die piquante entre amour, pouvoir et satire sociale.","robots":{"index":"index","follow":"follow","max-snippet":"max-snippet:-1","max-image-preview":"max-image-preview:large","max-video-preview":"max-video-preview:-1"},"canonical":"https:\/\/gawl-distribution.eu\/en\/valentino\/","og_locale":"en_GB","og_type":"article","og_title":"Valentino - GAWL Distribution","og_description":"Adel Imam brille dans Valentino, une com\u00e9die piquante entre amour, pouvoir et satire sociale.","og_url":"https:\/\/gawl-distribution.eu\/en\/valentino\/","og_site_name":"GAWL Distribution","article_modified_time":"2026-03-10T16:38:48+00:00","og_image":[{"width":400,"height":300,"url":"https:\/\/gawl-distribution.eu\/wp-content\/uploads\/sites\/2\/2025\/04\/25.jpg","type":"image\/jpeg"}],"twitter_card":"summary_large_image","twitter_misc":{"Estimated reading time":"1 minute"},"schema":{"@context":"https:\/\/schema.org","@graph":[{"@type":"WebPage","@id":"https:\/\/gawl-distribution.eu\/valentino\/","url":"https:\/\/gawl-distribution.eu\/valentino\/","name":"Valentino - GAWL Distribution","isPartOf":{"@id":"https:\/\/gawl-distribution.eu\/#website"},"primaryImageOfPage":{"@id":"https:\/\/gawl-distribution.eu\/valentino\/#primaryimage"},"image":{"@id":"https:\/\/gawl-distribution.eu\/valentino\/#primaryimage"},"thumbnailUrl":"https:\/\/gawl-distribution.eu\/wp-content\/uploads\/sites\/2\/2025\/04\/25.jpg","datePublished":"2025-04-01T14:42:48+00:00","dateModified":"2026-03-10T16:38:48+00:00","description":"Adel Imam brille dans Valentino, une com\u00e9die piquante entre amour, pouvoir et satire sociale.","breadcrumb":{"@id":"https:\/\/gawl-distribution.eu\/valentino\/#breadcrumb"},"inLanguage":"en-GB","potentialAction":[{"@type":"ReadAction","target":["https:\/\/gawl-distribution.eu\/valentino\/"]}]},{"@type":"ImageObject","inLanguage":"en-GB","@id":"https:\/\/gawl-distribution.eu\/valentino\/#primaryimage","url":"https:\/\/gawl-distribution.eu\/wp-content\/uploads\/sites\/2\/2025\/04\/25.jpg","contentUrl":"https:\/\/gawl-distribution.eu\/wp-content\/uploads\/sites\/2\/2025\/04\/25.jpg","width":400,"height":300},{"@type":"BreadcrumbList","@id":"https:\/\/gawl-distribution.eu\/valentino\/#breadcrumb","itemListElement":[{"@type":"ListItem","position":1,"name":"Home","item":"https:\/\/gawl-distribution.eu\/"},{"@type":"ListItem","position":2,"name":"Valentino"}]},{"@type":"WebSite","@id":"https:\/\/gawl-distribution.eu\/#website","url":"https:\/\/gawl-distribution.eu\/","name":"GAWL Distribution","description":"","potentialAction":[{"@type":"SearchAction","target":{"@type":"EntryPoint","urlTemplate":"https:\/\/gawl-distribution.eu\/?s={search_term_string}"},"query-input":{"@type":"PropertyValueSpecification","valueRequired":true,"valueName":"search_term_string"}}],"inLanguage":"en-GB"}]}},"_links":{"self":[{"href":"https:\/\/gawl-distribution.eu\/en\/wp-json\/wp\/v2\/pages\/91","targetHints":{"allow":["GET"]}}],"collection":[{"href":"https:\/\/gawl-distribution.eu\/en\/wp-json\/wp\/v2\/pages"}],"about":[{"href":"https:\/\/gawl-distribution.eu\/en\/wp-json\/wp\/v2\/types\/page"}],"author":[{"embeddable":true,"href":"https:\/\/gawl-distribution.eu\/en\/wp-json\/wp\/v2\/users\/2"}],"replies":[{"embeddable":true,"href":"https:\/\/gawl-distribution.eu\/en\/wp-json\/wp\/v2\/comments?post=91"}],"version-history":[{"count":0,"href":"https:\/\/gawl-distribution.eu\/en\/wp-json\/wp\/v2\/pages\/91\/revisions"}],"wp:featuredmedia":[{"embeddable":true,"href":"https:\/\/gawl-distribution.eu\/en\/wp-json\/wp\/v2\/media\/41"}],"wp:attachment":[{"href":"https:\/\/gawl-distribution.eu\/en\/wp-json\/wp\/v2\/media?parent=91"}],"curies":[{"name":"wp","href":"https:\/\/api.w.org\/{rel}","templated":true}]}}