{"id":96,"date":"2025-04-01T14:39:08","date_gmt":"2025-04-01T14:39:08","guid":{"rendered":"https:\/\/gawl-distribution.eu\/?page_id=96"},"modified":"2026-03-10T16:56:08","modified_gmt":"2026-03-10T16:56:08","slug":"awalem-khafea","status":"publish","type":"page","link":"https:\/\/gawl-distribution.eu\/en\/awalem-khafea\/","title":{"rendered":"Awalem Khafea"},"content":{"rendered":"<p>[et_pb_section fb_built=\u00a0\u00bb1&Prime; _builder_version=\u00a0\u00bb4.21.0&Prime; _module_preset=\u00a0\u00bbdefault\u00a0\u00bb global_colors_info=\u00a0\u00bb{}\u00a0\u00bb][et_pb_row use_custom_gutter=\u00a0\u00bbon\u00a0\u00bb gutter_width=\u00a0\u00bb1&Prime; _builder_version=\u00a0\u00bb4.21.0&Prime; _module_preset=\u00a0\u00bb_initial\u00a0\u00bb global_colors_info=\u00a0\u00bb{}\u00a0\u00bb][et_pb_column type=\u00a0\u00bb4_4&Prime; _builder_version=\u00a0\u00bb4.21.0&Prime; _module_preset=\u00a0\u00bbdefault\u00a0\u00bb global_colors_info=\u00a0\u00bb{}\u00a0\u00bb][et_pb_text _builder_version=\u00a0\u00bb4.21.0&Prime; _module_preset=\u00a0\u00bbdefault\u00a0\u00bb text_font_size=\u00a0\u00bb13px\u00a0\u00bb header_font_size=\u00a0\u00bb48px\u00a0\u00bb global_colors_info=\u00a0\u00bb{}\u00a0\u00bb]<\/p>\n<h1 style=\"text-align: center\"><strong>Awalem Khafea<span dir=\"rtl\"><br \/><\/span><\/strong><\/h1>\n<h1 style=\"text-align: center\"><strong>\u00a0<\/strong><\/h1>\n<h3 style=\"text-align: center\"><strong><span><\/span><\/strong><\/h3>\n<h3 style=\"text-align: center\"><strong><span><\/span><\/strong><\/h3>\n<h3 style=\"text-align: center\"><strong><span><\/span><\/strong><\/h3>\n<h3 style=\"text-align: center\"><strong><span><\/span><\/strong><\/h3>\n<h3 style=\"text-align: center\"><strong><span>Director: Rami Imam\u00a0 <\/span><span><\/span><\/strong><\/h3>\n<p>[\/et_pb_text][\/et_pb_column][\/et_pb_row][et_pb_row use_custom_gutter=\u00a0\u00bbon\u00a0\u00bb gutter_width=\u00a0\u00bb1&Prime; _builder_version=\u00a0\u00bb4.21.0&Prime; _module_preset=\u00a0\u00bb_initial\u00a0\u00bb global_colors_info=\u00a0\u00bb{}\u00a0\u00bb][et_pb_column type=\u00a0\u00bb4_4&Prime; _builder_version=\u00a0\u00bb4.21.0&Prime; _module_preset=\u00a0\u00bbdefault\u00a0\u00bb global_colors_info=\u00a0\u00bb{}\u00a0\u00bb][et_pb_video src=\u00a0\u00bbhttps:\/\/www.youtube.com\/watch?v=tymnGwWq0F4&#038;t=2s\u00a0\u00bb image_src=\u00a0\u00bbhttps:\/\/gawl-distribution.eu\/wp-content\/uploads\/sites\/2\/2025\/03\/2.jpg\u00a0\u00bb _builder_version=\u00a0\u00bb4.27.4&Prime; _module_preset=\u00a0\u00bbdefault\u00a0\u00bb global_colors_info=\u00a0\u00bb{}\u00a0\u00bb][\/et_pb_video][\/et_pb_column][\/et_pb_row][et_pb_row use_custom_gutter=\u00a0\u00bbon\u00a0\u00bb gutter_width=\u00a0\u00bb1&Prime; _builder_version=\u00a0\u00bb4.21.0&Prime; _module_preset=\u00a0\u00bb_initial\u00a0\u00bb min_height=\u00a0\u00bb373.5px\u00a0\u00bb global_colors_info=\u00a0\u00bb{}\u00a0\u00bb][et_pb_column type=\u00a0\u00bb4_4&Prime; _builder_version=\u00a0\u00bb4.21.0&Prime; _module_preset=\u00a0\u00bbdefault\u00a0\u00bb global_colors_info=\u00a0\u00bb{}\u00a0\u00bb][et_pb_text _builder_version=\u00a0\u00bb4.27.4&Prime; _module_preset=\u00a0\u00bbdefault\u00a0\u00bb global_colors_info=\u00a0\u00bb{}\u00a0\u00bb]<\/p>\n<p style=\"text-align: center\"><strong>Synopsis :<\/strong>: <span>Hilal Kamal is a journalist who accidentally discovers the memoirs of an actress believed to have been murdered. These memoirs reveal the truth about her death, prompting Hilal to assemble a team determined to uncover the real story.<\/span><\/p>\n<p style=\"text-align: center\"><strong>Director<\/strong>: Rami Imam<br \/><strong><br \/><\/strong><b>Stars<\/b>: Adel Imam &#8211; Salah Abdallah<\/p>\n<p style=\"text-align: center\"><strong>Country<\/strong>: Egypt<\/p>\n<p style=\"text-align: center\"><strong>Genre<\/strong>: TV series, drama<\/p>\n<p style=\"text-align: center\"><strong>Episodes <\/strong>: 30<\/p>\n<p style=\"text-align: center\"><strong>Duration<\/strong>: 35 min<\/p>\n<p style=\"text-align: center\"><strong>Language<\/strong>: Arabic<\/p>\n<p style=\"text-align: center\"><strong>Subtitles<\/strong>: French, English, Spanish, Italian, German, Dutch<\/p>\n<p style=\"text-align: center\"><strong>Year of production<\/strong>: 2018<\/p>\n<p style=\"text-align: center\"><strong>Production<\/strong>: Magnum Productions<\/p>\n<p style=\"text-align: center\">\n<p>[\/et_pb_text][\/et_pb_column][\/et_pb_row][\/et_pb_section]<\/p>","protected":false},"excerpt":{"rendered":"<p>Awalem Khafea \u00a0 R\u00e9alisateur: Rami Imam\u00a0 Synopsis: Hilal Kamal est un journaliste qui d\u00e9couvre par hasard les m\u00e9moires d\u2019une actrice que l\u2019on croit avoir \u00e9t\u00e9 assassin\u00e9e. Ces m\u00e9moires r\u00e9v\u00e8lent la v\u00e9rit\u00e9 sur sa mort, poussant Hilal \u00e0 former une \u00e9quipe pour faire \u00e9clater la v\u00e9rit\u00e9. R\u00e9alisation: Rami ImamStars: Adel Imam &#8211; Salah Abdallah Pays: \u00c9gypte [&hellip;]<\/p>","protected":false},"author":2,"featured_media":52,"parent":0,"menu_order":0,"comment_status":"closed","ping_status":"closed","template":"","meta":{"_et_pb_use_builder":"on","_et_pb_old_content":"","_et_gb_content_width":"","footnotes":""},"class_list":["post-96","page","type-page","status-publish","has-post-thumbnail","hentry"],"yoast_head":"<!-- This site is optimized with the Yoast SEO plugin v25.5 - https:\/\/yoast.com\/wordpress\/plugins\/seo\/ -->\n<title>Awalem Khafea - GAWL Distribution<\/title>\n<meta name=\"description\" content=\"Dans Awalem Khafeya, Adel Imam enqu\u00eate sur une affaire myst\u00e9rieuse qui d\u00e9voile les coulisses du pouvoir et du journalisme.\" \/>\n<meta name=\"robots\" content=\"index, follow, max-snippet:-1, max-image-preview:large, max-video-preview:-1\" \/>\n<link rel=\"canonical\" href=\"https:\/\/gawl-distribution.eu\/en\/awalem-khafea\/\" \/>\n<meta property=\"og:locale\" content=\"en_GB\" \/>\n<meta property=\"og:type\" content=\"article\" \/>\n<meta property=\"og:title\" content=\"Awalem Khafea - GAWL Distribution\" \/>\n<meta property=\"og:description\" content=\"Dans Awalem Khafeya, Adel Imam enqu\u00eate sur une affaire myst\u00e9rieuse qui d\u00e9voile les coulisses du pouvoir et du journalisme.\" \/>\n<meta property=\"og:url\" content=\"https:\/\/gawl-distribution.eu\/en\/awalem-khafea\/\" \/>\n<meta property=\"og:site_name\" content=\"GAWL Distribution\" \/>\n<meta property=\"article:modified_time\" content=\"2026-03-10T16:56:08+00:00\" \/>\n<meta property=\"og:image\" content=\"https:\/\/gawl-distribution.eu\/wp-content\/uploads\/sites\/2\/2025\/04\/23.jpg\" \/>\n\t<meta property=\"og:image:width\" content=\"400\" \/>\n\t<meta property=\"og:image:height\" content=\"300\" \/>\n\t<meta property=\"og:image:type\" content=\"image\/jpeg\" \/>\n<meta name=\"twitter:card\" content=\"summary_large_image\" \/>\n<meta name=\"twitter:label1\" content=\"Estimated reading time\" \/>\n\t<meta name=\"twitter:data1\" content=\"1 minute\" \/>\n<script type=\"application\/ld+json\" class=\"yoast-schema-graph\">{\"@context\":\"https:\/\/schema.org\",\"@graph\":[{\"@type\":\"WebPage\",\"@id\":\"https:\/\/gawl-distribution.eu\/awalem-khafea\/\",\"url\":\"https:\/\/gawl-distribution.eu\/awalem-khafea\/\",\"name\":\"Awalem Khafea - GAWL Distribution\",\"isPartOf\":{\"@id\":\"https:\/\/gawl-distribution.eu\/#website\"},\"primaryImageOfPage\":{\"@id\":\"https:\/\/gawl-distribution.eu\/awalem-khafea\/#primaryimage\"},\"image\":{\"@id\":\"https:\/\/gawl-distribution.eu\/awalem-khafea\/#primaryimage\"},\"thumbnailUrl\":\"https:\/\/gawl-distribution.eu\/wp-content\/uploads\/sites\/2\/2025\/04\/23.jpg\",\"datePublished\":\"2025-04-01T14:39:08+00:00\",\"dateModified\":\"2026-03-10T16:56:08+00:00\",\"description\":\"Dans Awalem Khafeya, Adel Imam enqu\u00eate sur une affaire myst\u00e9rieuse qui d\u00e9voile les coulisses du pouvoir et du journalisme.\",\"breadcrumb\":{\"@id\":\"https:\/\/gawl-distribution.eu\/awalem-khafea\/#breadcrumb\"},\"inLanguage\":\"en-GB\",\"potentialAction\":[{\"@type\":\"ReadAction\",\"target\":[\"https:\/\/gawl-distribution.eu\/awalem-khafea\/\"]}]},{\"@type\":\"ImageObject\",\"inLanguage\":\"en-GB\",\"@id\":\"https:\/\/gawl-distribution.eu\/awalem-khafea\/#primaryimage\",\"url\":\"https:\/\/gawl-distribution.eu\/wp-content\/uploads\/sites\/2\/2025\/04\/23.jpg\",\"contentUrl\":\"https:\/\/gawl-distribution.eu\/wp-content\/uploads\/sites\/2\/2025\/04\/23.jpg\",\"width\":400,\"height\":300},{\"@type\":\"BreadcrumbList\",\"@id\":\"https:\/\/gawl-distribution.eu\/awalem-khafea\/#breadcrumb\",\"itemListElement\":[{\"@type\":\"ListItem\",\"position\":1,\"name\":\"Home\",\"item\":\"https:\/\/gawl-distribution.eu\/\"},{\"@type\":\"ListItem\",\"position\":2,\"name\":\"Awalem Khafea\"}]},{\"@type\":\"WebSite\",\"@id\":\"https:\/\/gawl-distribution.eu\/#website\",\"url\":\"https:\/\/gawl-distribution.eu\/\",\"name\":\"GAWL Distribution\",\"description\":\"\",\"potentialAction\":[{\"@type\":\"SearchAction\",\"target\":{\"@type\":\"EntryPoint\",\"urlTemplate\":\"https:\/\/gawl-distribution.eu\/?s={search_term_string}\"},\"query-input\":{\"@type\":\"PropertyValueSpecification\",\"valueRequired\":true,\"valueName\":\"search_term_string\"}}],\"inLanguage\":\"en-GB\"}]}<\/script>\n<!-- \/ Yoast SEO plugin. -->","yoast_head_json":{"title":"Awalem Khafea - GAWL Distribution","description":"Dans Awalem Khafeya, Adel Imam enqu\u00eate sur une affaire myst\u00e9rieuse qui d\u00e9voile les coulisses du pouvoir et du journalisme.","robots":{"index":"index","follow":"follow","max-snippet":"max-snippet:-1","max-image-preview":"max-image-preview:large","max-video-preview":"max-video-preview:-1"},"canonical":"https:\/\/gawl-distribution.eu\/en\/awalem-khafea\/","og_locale":"en_GB","og_type":"article","og_title":"Awalem Khafea - GAWL Distribution","og_description":"Dans Awalem Khafeya, Adel Imam enqu\u00eate sur une affaire myst\u00e9rieuse qui d\u00e9voile les coulisses du pouvoir et du journalisme.","og_url":"https:\/\/gawl-distribution.eu\/en\/awalem-khafea\/","og_site_name":"GAWL Distribution","article_modified_time":"2026-03-10T16:56:08+00:00","og_image":[{"width":400,"height":300,"url":"https:\/\/gawl-distribution.eu\/wp-content\/uploads\/sites\/2\/2025\/04\/23.jpg","type":"image\/jpeg"}],"twitter_card":"summary_large_image","twitter_misc":{"Estimated reading time":"1 minute"},"schema":{"@context":"https:\/\/schema.org","@graph":[{"@type":"WebPage","@id":"https:\/\/gawl-distribution.eu\/awalem-khafea\/","url":"https:\/\/gawl-distribution.eu\/awalem-khafea\/","name":"Awalem Khafea - GAWL Distribution","isPartOf":{"@id":"https:\/\/gawl-distribution.eu\/#website"},"primaryImageOfPage":{"@id":"https:\/\/gawl-distribution.eu\/awalem-khafea\/#primaryimage"},"image":{"@id":"https:\/\/gawl-distribution.eu\/awalem-khafea\/#primaryimage"},"thumbnailUrl":"https:\/\/gawl-distribution.eu\/wp-content\/uploads\/sites\/2\/2025\/04\/23.jpg","datePublished":"2025-04-01T14:39:08+00:00","dateModified":"2026-03-10T16:56:08+00:00","description":"Dans Awalem Khafeya, Adel Imam enqu\u00eate sur une affaire myst\u00e9rieuse qui d\u00e9voile les coulisses du pouvoir et du journalisme.","breadcrumb":{"@id":"https:\/\/gawl-distribution.eu\/awalem-khafea\/#breadcrumb"},"inLanguage":"en-GB","potentialAction":[{"@type":"ReadAction","target":["https:\/\/gawl-distribution.eu\/awalem-khafea\/"]}]},{"@type":"ImageObject","inLanguage":"en-GB","@id":"https:\/\/gawl-distribution.eu\/awalem-khafea\/#primaryimage","url":"https:\/\/gawl-distribution.eu\/wp-content\/uploads\/sites\/2\/2025\/04\/23.jpg","contentUrl":"https:\/\/gawl-distribution.eu\/wp-content\/uploads\/sites\/2\/2025\/04\/23.jpg","width":400,"height":300},{"@type":"BreadcrumbList","@id":"https:\/\/gawl-distribution.eu\/awalem-khafea\/#breadcrumb","itemListElement":[{"@type":"ListItem","position":1,"name":"Home","item":"https:\/\/gawl-distribution.eu\/"},{"@type":"ListItem","position":2,"name":"Awalem Khafea"}]},{"@type":"WebSite","@id":"https:\/\/gawl-distribution.eu\/#website","url":"https:\/\/gawl-distribution.eu\/","name":"GAWL Distribution","description":"","potentialAction":[{"@type":"SearchAction","target":{"@type":"EntryPoint","urlTemplate":"https:\/\/gawl-distribution.eu\/?s={search_term_string}"},"query-input":{"@type":"PropertyValueSpecification","valueRequired":true,"valueName":"search_term_string"}}],"inLanguage":"en-GB"}]}},"_links":{"self":[{"href":"https:\/\/gawl-distribution.eu\/en\/wp-json\/wp\/v2\/pages\/96","targetHints":{"allow":["GET"]}}],"collection":[{"href":"https:\/\/gawl-distribution.eu\/en\/wp-json\/wp\/v2\/pages"}],"about":[{"href":"https:\/\/gawl-distribution.eu\/en\/wp-json\/wp\/v2\/types\/page"}],"author":[{"embeddable":true,"href":"https:\/\/gawl-distribution.eu\/en\/wp-json\/wp\/v2\/users\/2"}],"replies":[{"embeddable":true,"href":"https:\/\/gawl-distribution.eu\/en\/wp-json\/wp\/v2\/comments?post=96"}],"version-history":[{"count":0,"href":"https:\/\/gawl-distribution.eu\/en\/wp-json\/wp\/v2\/pages\/96\/revisions"}],"wp:featuredmedia":[{"embeddable":true,"href":"https:\/\/gawl-distribution.eu\/en\/wp-json\/wp\/v2\/media\/52"}],"wp:attachment":[{"href":"https:\/\/gawl-distribution.eu\/en\/wp-json\/wp\/v2\/media?parent=96"}],"curies":[{"name":"wp","href":"https:\/\/api.w.org\/{rel}","templated":true}]}}